{"id":161,"date":"2025-08-13T05:05:59","date_gmt":"2025-08-13T05:05:59","guid":{"rendered":"https:\/\/venusveteriner.com\/?page_id=161"},"modified":"2025-09-10T11:20:57","modified_gmt":"2025-09-10T11:20:57","slug":"hakkimizda","status":"publish","type":"page","link":"https:\/\/venusveteriner.com\/en\/hakkimizda\/","title":{"rendered":"About Us"},"content":{"rendered":"<div data-elementor-type=\"wp-page\" data-elementor-id=\"161\" class=\"elementor elementor-161\">\n\t\t\t\t\t\t<section class=\"elementor-section elementor-top-section elementor-element elementor-element-364bc6fd elementor-reverse-tablet elementor-reverse-mobile elementor-section-boxed elementor-section-height-default elementor-section-height-default\" data-id=\"364bc6fd\" data-element_type=\"section\" data-settings=\"{&quot;background_background&quot;:&quot;classic&quot;}\">\n\t\t\t\t\t\t\t<div class=\"elementor-background-overlay\"><\/div>\n\t\t\t\t\t\t\t<div class=\"elementor-container elementor-column-gap-default\">\n\t\t\t\t\t<div class=\"elementor-column elementor-col-100 elementor-top-column elementor-element elementor-element-3de05fa2\" data-id=\"3de05fa2\" data-element_type=\"column\">\n\t\t\t<div class=\"elementor-widget-wrap elementor-element-populated\">\n\t\t\t\t\t\t<div class=\"elementor-element elementor-element-592c35bd elementor-widget elementor-widget-heading\" data-id=\"592c35bd\" data-element_type=\"widget\" data-widget_type=\"heading.default\">\n\t\t\t\t\t<h1 class=\"elementor-heading-title elementor-size-default\">About Us<\/h1>\t\t\t\t<\/div>\n\t\t\t\t<div class=\"elementor-element elementor-element-2f7c7e2a elementor-align-center elementor-icon-list--layout-inline elementor-mobile-align-center elementor-list-item-link-full_width elementor-widget elementor-widget-icon-list\" data-id=\"2f7c7e2a\" data-element_type=\"widget\" data-widget_type=\"icon-list.default\">\n\t\t\t\t\t\t\t<ul class=\"elementor-icon-list-items elementor-inline-items\">\n\t\t\t\t\t\t\t<li class=\"elementor-icon-list-item elementor-inline-item\">\n\t\t\t\t\t\t\t\t\t\t<span class=\"elementor-icon-list-text\">Home<\/span>\n\t\t\t\t\t\t\t\t\t<\/li>\n\t\t\t\t\t\t\t\t<li class=\"elementor-icon-list-item elementor-inline-item\">\n\t\t\t\t\t\t\t\t\t\t\t<span class=\"elementor-icon-list-icon\">\n\t\t\t\t\t\t\t<svg aria-hidden=\"true\" class=\"e-font-icon-svg e-fas-chevron-right\" viewbox=\"0 0 320 512\" xmlns=\"http:\/\/www.w3.org\/2000\/svg\"><path d=\"M285.476 272.971L91.132 467.314c-9.373 9.373-24.569 9.373-33.941 0l-22.667-22.667c-9.357-9.357-9.375-24.522-.04-33.901L188.505 256 34.484 101.255c-9.335-9.379-9.317-24.544.04-33.901l22.667-22.667c9.373-9.373 24.569-9.373 33.941 0L285.475 239.03c9.373 9.372 9.373 24.568.001 33.941z\"><\/path><\/svg>\t\t\t\t\t\t<\/span>\n\t\t\t\t\t\t\t\t\t\t<span class=\"elementor-icon-list-text\">About Us<\/span>\n\t\t\t\t\t\t\t\t\t<\/li>\n\t\t\t\t\t\t<\/ul>\n\t\t\t\t\t\t<\/div>\n\t\t\t\t\t<\/div>\n\t\t<\/div>\n\t\t\t\t\t<\/div>\n\t\t<\/section>\n\t\t\t\t<section class=\"elementor-section elementor-top-section elementor-element elementor-element-5e76e0b9 elementor-section-boxed elementor-section-height-default elementor-section-height-default\" data-id=\"5e76e0b9\" data-element_type=\"section\">\n\t\t\t\t\t\t<div class=\"elementor-container elementor-column-gap-default\">\n\t\t\t\t\t<div class=\"elementor-column elementor-col-100 elementor-top-column elementor-element elementor-element-30afd6c6\" data-id=\"30afd6c6\" data-element_type=\"column\">\n\t\t\t<div class=\"elementor-widget-wrap elementor-element-populated\">\n\t\t\t\t\t\t<div class=\"elementor-element elementor-element-50ecb8e1 elementor-widget elementor-widget-heading\" data-id=\"50ecb8e1\" data-element_type=\"widget\" data-widget_type=\"heading.default\">\n\t\t\t\t\t<h2 class=\"elementor-heading-title elementor-size-default\">Who We Are?<\/h2>\t\t\t\t<\/div>\n\t\t\t\t<div class=\"elementor-element elementor-element-2e0014a9 elementor-widget elementor-widget-text-editor\" data-id=\"2e0014a9\" data-element_type=\"widget\" data-widget_type=\"text-editor.default\">\n\t\t\t\t\t\t\t\t\t<h4><em>We connect livestock breeders with buyers from all around the world\u2026<\/em><\/h4>\t\t\t\t\t\t\t\t<\/div>\n\t\t\t\t<section class=\"elementor-section elementor-inner-section elementor-element elementor-element-64be9cf6 elementor-section-boxed elementor-section-height-default elementor-section-height-default\" data-id=\"64be9cf6\" data-element_type=\"section\">\n\t\t\t\t\t\t<div class=\"elementor-container elementor-column-gap-no\">\n\t\t\t\t\t<div class=\"elementor-column elementor-col-50 elementor-inner-column elementor-element elementor-element-65b9b5ac\" data-id=\"65b9b5ac\" data-element_type=\"column\">\n\t\t\t<div class=\"elementor-widget-wrap elementor-element-populated\">\n\t\t\t\t\t\t<div class=\"elementor-element elementor-element-5b9be280 elementor-widget elementor-widget-text-editor\" data-id=\"5b9be280\" data-element_type=\"widget\" data-widget_type=\"text-editor.default\">\n\t\t\t\t\t\t\t\t\t<p class=\"s3\">With over 10 years of experience, Venus Livestock has established a strong position in the livestock industry, creating an international trade network and becoming one of the leading brands in the sector. We bring together livestock breeders and buyers from different parts of the world on a trusted platform.<\/p><p class=\"s3\">Our supply strategy is designed to cover a wide variety of livestock throughout the year, aiming to provide solutions for different needs simultaneously. While flexibly adapting to the specific demands of our business partners, we also prioritize the sustainability of agricultural production. Animal welfare is our top priority both during transportation and breeding activities; therefore, all our operations are meticulously supervised by our expert team.<\/p>\t\t\t\t\t\t\t\t<\/div>\n\t\t\t\t\t<\/div>\n\t\t<\/div>\n\t\t\t\t<div class=\"elementor-column elementor-col-50 elementor-inner-column elementor-element elementor-element-1b730623\" data-id=\"1b730623\" data-element_type=\"column\">\n\t\t\t<div class=\"elementor-widget-wrap elementor-element-populated\">\n\t\t\t\t\t\t<div class=\"elementor-element elementor-element-3c43f66 elementor-widget elementor-widget-image\" data-id=\"3c43f66\" data-element_type=\"widget\" data-widget_type=\"image.default\">\n\t\t\t\t\t\t\t\t\t\t\t\t\t\t\t<img fetchpriority=\"high\" decoding=\"async\" width=\"800\" height=\"534\" src=\"https:\/\/venusveteriner.com\/wp-content\/uploads\/2025\/08\/transportation-animals-1024x684-1.jpg\" class=\"attachment-large size-large wp-image-187\" alt=\"\" srcset=\"https:\/\/venusveteriner.com\/wp-content\/uploads\/2025\/08\/transportation-animals-1024x684-1.jpg 1024w, https:\/\/venusveteriner.com\/wp-content\/uploads\/2025\/08\/transportation-animals-1024x684-1-300x200.jpg 300w, https:\/\/venusveteriner.com\/wp-content\/uploads\/2025\/08\/transportation-animals-1024x684-1-768x513.jpg 768w\" sizes=\"(max-width: 800px) 100vw, 800px\" \/>\t\t\t\t\t\t\t\t\t\t\t\t\t\t\t<\/div>\n\t\t\t\t\t<\/div>\n\t\t<\/div>\n\t\t\t\t\t<\/div>\n\t\t<\/section>\n\t\t\t\t\t<\/div>\n\t\t<\/div>\n\t\t\t\t\t<\/div>\n\t\t<\/section>\n\t\t\t\t<section class=\"elementor-section elementor-top-section elementor-element elementor-element-492352d elementor-section-boxed elementor-section-height-default elementor-section-height-default\" data-id=\"492352d\" data-element_type=\"section\">\n\t\t\t\t\t\t<div class=\"elementor-container elementor-column-gap-default\">\n\t\t\t\t\t<div class=\"elementor-column elementor-col-50 elementor-top-column elementor-element elementor-element-0fbc5be\" data-id=\"0fbc5be\" data-element_type=\"column\" data-settings=\"{&quot;background_background&quot;:&quot;classic&quot;}\">\n\t\t\t<div class=\"elementor-widget-wrap elementor-element-populated\">\n\t\t\t\t\t\t<div class=\"elementor-element elementor-element-96c09da elementor-widget elementor-widget-spacer\" data-id=\"96c09da\" data-element_type=\"widget\" data-widget_type=\"spacer.default\">\n\t\t\t\t\t\t\t<div class=\"elementor-spacer\">\n\t\t\t<div class=\"elementor-spacer-inner\"><\/div>\n\t\t<\/div>\n\t\t\t\t\t\t<\/div>\n\t\t\t\t\t<\/div>\n\t\t<\/div>\n\t\t\t\t<div class=\"elementor-column elementor-col-50 elementor-top-column elementor-element elementor-element-1d69f90\" data-id=\"1d69f90\" data-element_type=\"column\">\n\t\t\t<div class=\"elementor-widget-wrap elementor-element-populated\">\n\t\t\t\t\t\t<div class=\"elementor-element elementor-element-ca2a448 elementor-widget elementor-widget-heading\" data-id=\"ca2a448\" data-element_type=\"widget\" data-widget_type=\"heading.default\">\n\t\t\t\t\t<h2 class=\"elementor-heading-title elementor-size-default\">Why Choose Venus Veterinary?<\/h2>\t\t\t\t<\/div>\n\t\t\t\t<div class=\"elementor-element elementor-element-8d2a4eb elementor-widget elementor-widget-text-editor\" data-id=\"8d2a4eb\" data-element_type=\"widget\" data-widget_type=\"text-editor.default\">\n\t\t\t\t\t\t\t\t\tFor healthy herds, happy animals, and sustainable production, Venus Veterinary is always by your side!\t\t\t\t\t\t\t\t<\/div>\n\t\t\t\t<div class=\"elementor-element elementor-element-5d1f383 elementor-widget elementor-widget-jkit_heading\" data-id=\"5d1f383\" data-element_type=\"widget\" data-widget_type=\"jkit_heading.default\">\n\t\t\t\t\t<div  class=\"jeg-elementor-kit jkit-heading  align- align-tablet- align-mobile- jeg_module___69f2896aed800\" ><div class=\"heading-section-title  display-inline-block\"><h2 class=\"heading-title\">Products and services with high-quality standards<\/h2><\/div><div class=\"heading-section-description\"><\/div><\/div>\t\t\t\t<\/div>\n\t\t\t\t<div class=\"elementor-element elementor-element-3742d3c elementor-widget elementor-widget-jkit_heading\" data-id=\"3742d3c\" data-element_type=\"widget\" data-widget_type=\"jkit_heading.default\">\n\t\t\t\t\t<div  class=\"jeg-elementor-kit jkit-heading  align- align-tablet- align-mobile- jeg_module__1_69f2896aee51a\" ><div class=\"heading-section-title  display-inline-block\"><h2 class=\"heading-title\">Expert veterinary team and a wide network of clinics<\/h2><\/div><div class=\"heading-section-description\"><\/div><\/div>\t\t\t\t<\/div>\n\t\t\t\t<div class=\"elementor-element elementor-element-7637ee3 elementor-widget elementor-widget-jkit_heading\" data-id=\"7637ee3\" data-element_type=\"widget\" data-widget_type=\"jkit_heading.default\">\n\t\t\t\t\t<div  class=\"jeg-elementor-kit jkit-heading  align- align-tablet- align-mobile- jeg_module__2_69f2896aeef3b\" ><div class=\"heading-section-title  display-inline-block\"><h2 class=\"heading-title\">Reliable logistics and transportation solutions<\/h2><\/div><div class=\"heading-section-description\"><\/div><\/div>\t\t\t\t<\/div>\n\t\t\t\t<div class=\"elementor-element elementor-element-fc09097 elementor-widget elementor-widget-jkit_heading\" data-id=\"fc09097\" data-element_type=\"widget\" data-widget_type=\"jkit_heading.default\">\n\t\t\t\t\t<div  class=\"jeg-elementor-kit jkit-heading  align- align-tablet- align-mobile- jeg_module__3_69f2896aef923\" ><div class=\"heading-section-title  display-inline-block\"><h2 class=\"heading-title\">A corporate approach that prioritizes animal welfare<\/h2><\/div><div class=\"heading-section-description\"><\/div><\/div>\t\t\t\t<\/div>\n\t\t\t\t\t<\/div>\n\t\t<\/div>\n\t\t\t\t\t<\/div>\n\t\t<\/section>\n\t\t\t\t<\/div>","protected":false},"excerpt":{"rendered":"<p>Hakk\u0131m\u0131zda Anasayfa Hakk\u0131m\u0131zda Biz kimiz? Hayvan yeti\u015ftiricilerini d\u00fcnyan\u0131n d\u00f6rt bir yan\u0131ndaki al\u0131c\u0131larla bulu\u015fturuyoruz&#8230; Ven\u00fcs Hayvanc\u0131l\u0131k, 10 y\u0131l\u0131 a\u015fk\u0131n deneyimiyle hayvanc\u0131l\u0131k sekt\u00f6r\u00fcnde g\u00fc\u00e7l\u00fc bir konuma ula\u015fm\u0131\u015f, uluslararas\u0131 bir ticaret a\u011f\u0131 olu\u015fturarak sekt\u00f6r\u00fcn \u00f6nde gelen markalar\u0131ndan biri haline gelmi\u015ftir. D\u00fcnyan\u0131n farkl\u0131 b\u00f6lgelerindeki al\u0131c\u0131larla hayvan yeti\u015ftiricilerini g\u00fcvenilir bir platformda bulu\u015fturuyoruz. Tedarik stratejimiz, y\u0131l\u0131n her d\u00f6neminde geni\u015f bir hayvan [&hellip;]<\/p>","protected":false},"author":1,"featured_media":0,"parent":0,"menu_order":0,"comment_status":"closed","ping_status":"closed","template":"elementor_header_footer","meta":{"footnotes":""},"class_list":["post-161","page","type-page","status-publish","hentry"],"_links":{"self":[{"href":"https:\/\/venusveteriner.com\/en\/wp-json\/wp\/v2\/pages\/161","targetHints":{"allow":["GET"]}}],"collection":[{"href":"https:\/\/venusveteriner.com\/en\/wp-json\/wp\/v2\/pages"}],"about":[{"href":"https:\/\/venusveteriner.com\/en\/wp-json\/wp\/v2\/types\/page"}],"author":[{"embeddable":true,"href":"https:\/\/venusveteriner.com\/en\/wp-json\/wp\/v2\/users\/1"}],"replies":[{"embeddable":true,"href":"https:\/\/venusveteriner.com\/en\/wp-json\/wp\/v2\/comments?post=161"}],"version-history":[{"count":20,"href":"https:\/\/venusveteriner.com\/en\/wp-json\/wp\/v2\/pages\/161\/revisions"}],"predecessor-version":[{"id":944,"href":"https:\/\/venusveteriner.com\/en\/wp-json\/wp\/v2\/pages\/161\/revisions\/944"}],"wp:attachment":[{"href":"https:\/\/venusveteriner.com\/en\/wp-json\/wp\/v2\/media?parent=161"}],"curies":[{"name":"wp","href":"https:\/\/api.w.org\/{rel}","templated":true}]}}