{"id":213,"date":"2025-08-18T10:45:25","date_gmt":"2025-08-18T10:45:25","guid":{"rendered":"https:\/\/venusveteriner.com\/?page_id=213"},"modified":"2025-09-09T09:49:00","modified_gmt":"2025-09-09T09:49:00","slug":"ilac-ve-asi-uretimi","status":"publish","type":"page","link":"https:\/\/venusveteriner.com\/en\/ilac-ve-asi-uretimi\/","title":{"rendered":"Medicine &amp; Vaccine Production"},"content":{"rendered":"<div data-elementor-type=\"wp-page\" data-elementor-id=\"213\" class=\"elementor elementor-213\">\n\t\t\t\t\t\t<section class=\"elementor-section elementor-top-section elementor-element elementor-element-6b789cd elementor-reverse-tablet elementor-reverse-mobile elementor-section-boxed elementor-section-height-default elementor-section-height-default\" data-id=\"6b789cd\" data-element_type=\"section\" data-settings=\"{&quot;background_background&quot;:&quot;classic&quot;}\">\n\t\t\t\t\t\t\t<div class=\"elementor-background-overlay\"><\/div>\n\t\t\t\t\t\t\t<div class=\"elementor-container elementor-column-gap-default\">\n\t\t\t\t\t<div class=\"elementor-column elementor-col-100 elementor-top-column elementor-element elementor-element-a31ae0a\" data-id=\"a31ae0a\" data-element_type=\"column\">\n\t\t\t<div class=\"elementor-widget-wrap elementor-element-populated\">\n\t\t\t\t\t\t<div class=\"elementor-element elementor-element-b12f76f elementor-widget elementor-widget-heading\" data-id=\"b12f76f\" data-element_type=\"widget\" data-widget_type=\"heading.default\">\n\t\t\t\t\t<h1 class=\"elementor-heading-title elementor-size-default\">Medicine &amp; Vaccine Production<\/h1>\t\t\t\t<\/div>\n\t\t\t\t<div class=\"elementor-element elementor-element-34c01c4 elementor-align-center elementor-icon-list--layout-inline elementor-mobile-align-center elementor-list-item-link-full_width elementor-widget elementor-widget-icon-list\" data-id=\"34c01c4\" data-element_type=\"widget\" data-widget_type=\"icon-list.default\">\n\t\t\t\t\t\t\t<ul class=\"elementor-icon-list-items elementor-inline-items\">\n\t\t\t\t\t\t\t<li class=\"elementor-icon-list-item elementor-inline-item\">\n\t\t\t\t\t\t\t\t\t\t<span class=\"elementor-icon-list-text\">Home<\/span>\n\t\t\t\t\t\t\t\t\t<\/li>\n\t\t\t\t\t\t\t\t<li class=\"elementor-icon-list-item elementor-inline-item\">\n\t\t\t\t\t\t\t\t\t\t\t<span class=\"elementor-icon-list-icon\">\n\t\t\t\t\t\t\t<svg aria-hidden=\"true\" class=\"e-font-icon-svg e-fas-chevron-right\" viewbox=\"0 0 320 512\" xmlns=\"http:\/\/www.w3.org\/2000\/svg\"><path d=\"M285.476 272.971L91.132 467.314c-9.373 9.373-24.569 9.373-33.941 0l-22.667-22.667c-9.357-9.357-9.375-24.522-.04-33.901L188.505 256 34.484 101.255c-9.335-9.379-9.317-24.544.04-33.901l22.667-22.667c9.373-9.373 24.569-9.373 33.941 0L285.475 239.03c9.373 9.372 9.373 24.568.001 33.941z\"><\/path><\/svg>\t\t\t\t\t\t<\/span>\n\t\t\t\t\t\t\t\t\t\t<span class=\"elementor-icon-list-text\">Medicine &amp; Vaccine Production<\/span>\n\t\t\t\t\t\t\t\t\t<\/li>\n\t\t\t\t\t\t<\/ul>\n\t\t\t\t\t\t<\/div>\n\t\t\t\t\t<\/div>\n\t\t<\/div>\n\t\t\t\t\t<\/div>\n\t\t<\/section>\n\t\t\t\t<section class=\"elementor-section elementor-top-section elementor-element elementor-element-6dcdff67 elementor-section-boxed elementor-section-height-default elementor-section-height-default\" data-id=\"6dcdff67\" data-element_type=\"section\">\n\t\t\t\t\t\t<div class=\"elementor-container elementor-column-gap-default\">\n\t\t\t\t\t<div class=\"elementor-column elementor-col-100 elementor-top-column elementor-element elementor-element-54f16a75\" data-id=\"54f16a75\" data-element_type=\"column\">\n\t\t\t<div class=\"elementor-widget-wrap elementor-element-populated\">\n\t\t\t\t\t\t<div class=\"elementor-element elementor-element-241b834a elementor-widget elementor-widget-text-editor\" data-id=\"241b834a\" data-element_type=\"widget\" data-widget_type=\"text-editor.default\">\n\t\t\t\t\t\t\t\t\t<em>In addition to its strong presence in the livestock and logistics industries, Venus Livestock continues to invest in veterinary pharmaceuticals and vaccine production. Within this scope, our modern vaccine factory under construction in Sivas has been designed based on European Union vaccine production standards and is equipped with the latest technologies.<\/em>\t\t\t\t\t\t\t\t<\/div>\n\t\t\t\t<section class=\"elementor-section elementor-inner-section elementor-element elementor-element-7f37aff2 elementor-section-boxed elementor-section-height-default elementor-section-height-default\" data-id=\"7f37aff2\" data-element_type=\"section\">\n\t\t\t\t\t\t<div class=\"elementor-container elementor-column-gap-no\">\n\t\t\t\t\t<div class=\"elementor-column elementor-col-50 elementor-inner-column elementor-element elementor-element-51ca2f4b\" data-id=\"51ca2f4b\" data-element_type=\"column\">\n\t\t\t<div class=\"elementor-widget-wrap elementor-element-populated\">\n\t\t\t\t\t\t<div class=\"elementor-element elementor-element-9d89e0f elementor-widget elementor-widget-image\" data-id=\"9d89e0f\" data-element_type=\"widget\" data-widget_type=\"image.default\">\n\t\t\t\t\t\t\t\t\t\t\t\t\t\t\t<img fetchpriority=\"high\" decoding=\"async\" width=\"1536\" height=\"1024\" src=\"https:\/\/venusveteriner.com\/wp-content\/uploads\/2025\/09\/WhatsApp-Image-2025-09-09-at-12.25.14.jpeg\" class=\"attachment-full size-full wp-image-926\" alt=\"\" srcset=\"https:\/\/venusveteriner.com\/wp-content\/uploads\/2025\/09\/WhatsApp-Image-2025-09-09-at-12.25.14.jpeg 1536w, https:\/\/venusveteriner.com\/wp-content\/uploads\/2025\/09\/WhatsApp-Image-2025-09-09-at-12.25.14-300x200.jpeg 300w, https:\/\/venusveteriner.com\/wp-content\/uploads\/2025\/09\/WhatsApp-Image-2025-09-09-at-12.25.14-1024x683.jpeg 1024w, https:\/\/venusveteriner.com\/wp-content\/uploads\/2025\/09\/WhatsApp-Image-2025-09-09-at-12.25.14-768x512.jpeg 768w\" sizes=\"(max-width: 1536px) 100vw, 1536px\" \/>\t\t\t\t\t\t\t\t\t\t\t\t\t\t\t<\/div>\n\t\t\t\t\t<\/div>\n\t\t<\/div>\n\t\t\t\t<div class=\"elementor-column elementor-col-50 elementor-inner-column elementor-element elementor-element-535dccea\" data-id=\"535dccea\" data-element_type=\"column\">\n\t\t\t<div class=\"elementor-widget-wrap elementor-element-populated\">\n\t\t\t\t\t\t<div class=\"elementor-element elementor-element-491d6c81 elementor-widget elementor-widget-text-editor\" data-id=\"491d6c81\" data-element_type=\"widget\" data-widget_type=\"text-editor.default\">\n\t\t\t\t\t\t\t\t\tUpon completion, the factory aims to meet a significant portion of Turkey's veterinary vaccine needs through domestic production. The facility, currently under construction, holds strategic value for the sector not only for its production capacity but also for its diverse production line.\t\t\t\t\t\t\t\t<\/div>\n\t\t\t\t<div class=\"elementor-element elementor-element-de4dc8f elementor-widget elementor-widget-text-editor\" data-id=\"de4dc8f\" data-element_type=\"widget\" data-widget_type=\"text-editor.default\">\n\t\t\t\t\t\t\t\t\t<p>Through this investment, Venus Livestock aims to strengthen its competitiveness in veterinary pharmaceuticals and vaccine production both nationally and internationally, contribute to the sustainability of the livestock industry, and support domestic production.<\/p>\t\t\t\t\t\t\t\t<\/div>\n\t\t\t\t\t<\/div>\n\t\t<\/div>\n\t\t\t\t\t<\/div>\n\t\t<\/section>\n\t\t\t\t\t<\/div>\n\t\t<\/div>\n\t\t\t\t\t<\/div>\n\t\t<\/section>\n\t\t\t\t<\/div>","protected":false},"excerpt":{"rendered":"<p>\u0130la\u00e7 ve A\u015f\u0131 \u00dcretimi Anasayfa \u0130la\u00e7 ve A\u015f\u0131 \u00dcretimi Ven\u00fcs Hayvanc\u0131l\u0131k, hayvanc\u0131l\u0131k ve lojistik sekt\u00f6r\u00fcndeki g\u00fc\u00e7l\u00fc faaliyetlerinin yan\u0131 s\u0131ra, veteriner ila\u00e7 ve a\u015f\u0131 \u00fcretimi alan\u0131nda da yat\u0131r\u0131mlar\u0131n\u0131 s\u00fcrd\u00fcrmektedir. Bu kapsamda, Sivas\u2019ta in\u015fas\u0131 devam eden modern a\u015f\u0131 fabrikam\u0131z, Avrupa Birli\u011fi a\u015f\u0131 \u00fcretim standartlar\u0131 temel al\u0131narak projelendirilmi\u015f ve en g\u00fcncel teknolojilerle donat\u0131lmaktad\u0131r. Fabrikan\u0131n tamamlanmas\u0131yla birlikte, T\u00fcrkiye\u2019nin veteriner [&hellip;]<\/p>","protected":false},"author":1,"featured_media":0,"parent":0,"menu_order":0,"comment_status":"closed","ping_status":"closed","template":"elementor_header_footer","meta":{"footnotes":""},"class_list":["post-213","page","type-page","status-publish","hentry"],"_links":{"self":[{"href":"https:\/\/venusveteriner.com\/en\/wp-json\/wp\/v2\/pages\/213","targetHints":{"allow":["GET"]}}],"collection":[{"href":"https:\/\/venusveteriner.com\/en\/wp-json\/wp\/v2\/pages"}],"about":[{"href":"https:\/\/venusveteriner.com\/en\/wp-json\/wp\/v2\/types\/page"}],"author":[{"embeddable":true,"href":"https:\/\/venusveteriner.com\/en\/wp-json\/wp\/v2\/users\/1"}],"replies":[{"embeddable":true,"href":"https:\/\/venusveteriner.com\/en\/wp-json\/wp\/v2\/comments?post=213"}],"version-history":[{"count":31,"href":"https:\/\/venusveteriner.com\/en\/wp-json\/wp\/v2\/pages\/213\/revisions"}],"predecessor-version":[{"id":929,"href":"https:\/\/venusveteriner.com\/en\/wp-json\/wp\/v2\/pages\/213\/revisions\/929"}],"wp:attachment":[{"href":"https:\/\/venusveteriner.com\/en\/wp-json\/wp\/v2\/media?parent=213"}],"curies":[{"name":"wp","href":"https:\/\/api.w.org\/{rel}","templated":true}]}}