{"id":215,"date":"2025-08-18T10:41:55","date_gmt":"2025-08-18T10:41:55","guid":{"rendered":"https:\/\/venusveteriner.com\/?page_id=215"},"modified":"2025-08-27T09:18:16","modified_gmt":"2025-08-27T09:18:16","slug":"hayvancilik","status":"publish","type":"page","link":"https:\/\/venusveteriner.com\/en\/hayvancilik\/","title":{"rendered":"Livestock"},"content":{"rendered":"<div data-elementor-type=\"wp-page\" data-elementor-id=\"215\" class=\"elementor elementor-215\">\n\t\t\t\t\t\t<section class=\"elementor-section elementor-top-section elementor-element elementor-element-5aa7967 elementor-reverse-tablet elementor-reverse-mobile elementor-section-boxed elementor-section-height-default elementor-section-height-default\" data-id=\"5aa7967\" data-element_type=\"section\" data-settings=\"{&quot;background_background&quot;:&quot;classic&quot;}\">\n\t\t\t\t\t\t\t<div class=\"elementor-background-overlay\"><\/div>\n\t\t\t\t\t\t\t<div class=\"elementor-container elementor-column-gap-default\">\n\t\t\t\t\t<div class=\"elementor-column elementor-col-100 elementor-top-column elementor-element elementor-element-5a61525\" data-id=\"5a61525\" data-element_type=\"column\">\n\t\t\t<div class=\"elementor-widget-wrap elementor-element-populated\">\n\t\t\t\t\t\t<div class=\"elementor-element elementor-element-79b8eaf elementor-widget elementor-widget-heading\" data-id=\"79b8eaf\" data-element_type=\"widget\" data-widget_type=\"heading.default\">\n\t\t\t\t\t<h1 class=\"elementor-heading-title elementor-size-default\">Livestock<\/h1>\t\t\t\t<\/div>\n\t\t\t\t<div class=\"elementor-element elementor-element-32736c2 elementor-align-center elementor-icon-list--layout-inline elementor-mobile-align-center elementor-list-item-link-full_width elementor-widget elementor-widget-icon-list\" data-id=\"32736c2\" data-element_type=\"widget\" data-widget_type=\"icon-list.default\">\n\t\t\t\t\t\t\t<ul class=\"elementor-icon-list-items elementor-inline-items\">\n\t\t\t\t\t\t\t<li class=\"elementor-icon-list-item elementor-inline-item\">\n\t\t\t\t\t\t\t\t\t\t<span class=\"elementor-icon-list-text\">Home<\/span>\n\t\t\t\t\t\t\t\t\t<\/li>\n\t\t\t\t\t\t\t\t<li class=\"elementor-icon-list-item elementor-inline-item\">\n\t\t\t\t\t\t\t\t\t\t\t<span class=\"elementor-icon-list-icon\">\n\t\t\t\t\t\t\t<svg aria-hidden=\"true\" class=\"e-font-icon-svg e-fas-chevron-right\" viewbox=\"0 0 320 512\" xmlns=\"http:\/\/www.w3.org\/2000\/svg\"><path d=\"M285.476 272.971L91.132 467.314c-9.373 9.373-24.569 9.373-33.941 0l-22.667-22.667c-9.357-9.357-9.375-24.522-.04-33.901L188.505 256 34.484 101.255c-9.335-9.379-9.317-24.544.04-33.901l22.667-22.667c9.373-9.373 24.569-9.373 33.941 0L285.475 239.03c9.373 9.372 9.373 24.568.001 33.941z\"><\/path><\/svg>\t\t\t\t\t\t<\/span>\n\t\t\t\t\t\t\t\t\t\t<span class=\"elementor-icon-list-text\">Livestock<\/span>\n\t\t\t\t\t\t\t\t\t<\/li>\n\t\t\t\t\t\t<\/ul>\n\t\t\t\t\t\t<\/div>\n\t\t\t\t\t<\/div>\n\t\t<\/div>\n\t\t\t\t\t<\/div>\n\t\t<\/section>\n\t\t\t\t<section class=\"elementor-section elementor-top-section elementor-element elementor-element-7f8b6851 elementor-section-boxed elementor-section-height-default elementor-section-height-default\" data-id=\"7f8b6851\" data-element_type=\"section\">\n\t\t\t\t\t\t<div class=\"elementor-container elementor-column-gap-default\">\n\t\t\t\t\t<div class=\"elementor-column elementor-col-100 elementor-top-column elementor-element elementor-element-9e206c7\" data-id=\"9e206c7\" data-element_type=\"column\">\n\t\t\t<div class=\"elementor-widget-wrap elementor-element-populated\">\n\t\t\t\t\t\t<div class=\"elementor-element elementor-element-d0c47cc elementor-widget elementor-widget-text-editor\" data-id=\"d0c47cc\" data-element_type=\"widget\" data-widget_type=\"text-editor.default\">\n\t\t\t\t\t\t\t\t\t<h5>We connect livestock breeders with buyers from all around the world.<\/h5>\t\t\t\t\t\t\t\t<\/div>\n\t\t\t\t<div class=\"elementor-element elementor-element-2b863d9e elementor-widget elementor-widget-text-editor\" data-id=\"2b863d9e\" data-element_type=\"widget\" data-widget_type=\"text-editor.default\">\n\t\t\t\t\t\t\t\t\t<em>With over 10 years of experience, Venus Livestock has established a strong position in the industry, building an international trade network and becoming one of the leading brands in the sector.<\/em>\t\t\t\t\t\t\t\t<\/div>\n\t\t\t\t<section class=\"elementor-section elementor-inner-section elementor-element elementor-element-3a4f29e2 elementor-section-boxed elementor-section-height-default elementor-section-height-default\" data-id=\"3a4f29e2\" data-element_type=\"section\">\n\t\t\t\t\t\t<div class=\"elementor-container elementor-column-gap-no\">\n\t\t\t\t\t<div class=\"elementor-column elementor-col-50 elementor-inner-column elementor-element elementor-element-6f63943a\" data-id=\"6f63943a\" data-element_type=\"column\">\n\t\t\t<div class=\"elementor-widget-wrap elementor-element-populated\">\n\t\t\t\t\t\t<div class=\"elementor-element elementor-element-4b46e9a2 elementor-widget elementor-widget-text-editor\" data-id=\"4b46e9a2\" data-element_type=\"widget\" data-widget_type=\"text-editor.default\">\n\t\t\t\t\t\t\t\t\t<p><strong>We bring together livestock breeders and buyers from different regions of the world on a trusted platform.<\/strong><\/p><p>Our supply strategy is designed to cover a wide variety of livestock throughout the year, aiming to provide solutions for different purposes at the same time. While flexibly adapting to the specific demands of our business partners, <b>we also prioritize the sustainability <\/b>of agricultural production.\u00a0<\/p><p>Animal welfare is our top priority both during transportation and breeding activities; <b>therefore,<\/b> all our operations are meticulously supervised by our expert team.<\/p>\t\t\t\t\t\t\t\t<\/div>\n\t\t\t\t\t<\/div>\n\t\t<\/div>\n\t\t\t\t<div class=\"elementor-column elementor-col-50 elementor-inner-column elementor-element elementor-element-2b185746\" data-id=\"2b185746\" data-element_type=\"column\">\n\t\t\t<div class=\"elementor-widget-wrap elementor-element-populated\">\n\t\t\t\t\t\t<div class=\"elementor-element elementor-element-00efd60 elementor-widget elementor-widget-image\" data-id=\"00efd60\" data-element_type=\"widget\" data-widget_type=\"image.default\">\n\t\t\t\t\t\t\t\t\t\t\t\t\t\t\t<img fetchpriority=\"high\" decoding=\"async\" width=\"800\" height=\"547\" src=\"https:\/\/venusveteriner.com\/wp-content\/uploads\/2025\/08\/11428878-1024x700.png\" class=\"attachment-large size-large wp-image-526\" alt=\"\" srcset=\"https:\/\/venusveteriner.com\/wp-content\/uploads\/2025\/08\/11428878-1024x700.png 1024w, https:\/\/venusveteriner.com\/wp-content\/uploads\/2025\/08\/11428878-300x205.png 300w, https:\/\/venusveteriner.com\/wp-content\/uploads\/2025\/08\/11428878-768x525.png 768w, https:\/\/venusveteriner.com\/wp-content\/uploads\/2025\/08\/11428878-1536x1050.png 1536w, https:\/\/venusveteriner.com\/wp-content\/uploads\/2025\/08\/11428878-2048x1400.png 2048w\" sizes=\"(max-width: 800px) 100vw, 800px\" \/>\t\t\t\t\t\t\t\t\t\t\t\t\t\t\t<\/div>\n\t\t\t\t\t<\/div>\n\t\t<\/div>\n\t\t\t\t\t<\/div>\n\t\t<\/section>\n\t\t\t\t<section class=\"elementor-section elementor-inner-section elementor-element elementor-element-19b53f2 elementor-section-boxed elementor-section-height-default elementor-section-height-default\" data-id=\"19b53f2\" data-element_type=\"section\">\n\t\t\t\t\t\t<div class=\"elementor-container elementor-column-gap-no\">\n\t\t\t\t\t<div class=\"elementor-column elementor-col-33 elementor-inner-column elementor-element elementor-element-11dd84a\" data-id=\"11dd84a\" data-element_type=\"column\" data-settings=\"{&quot;background_background&quot;:&quot;classic&quot;}\">\n\t\t\t<div class=\"elementor-widget-wrap elementor-element-populated\">\n\t\t\t\t\t\t<div class=\"elementor-element elementor-element-9c93cf2 elementor-widget elementor-widget-image\" data-id=\"9c93cf2\" data-element_type=\"widget\" data-widget_type=\"image.default\">\n\t\t\t\t\t\t\t\t\t\t\t\t\t\t\t\t<a href=\"https:\/\/venusveteriner.com\/en\/hayvancilik\/damizlik-sigir-ticareti\/\">\n\t\t\t\t\t\t\t<img decoding=\"async\" width=\"684\" height=\"684\" src=\"https:\/\/venusveteriner.com\/wp-content\/uploads\/2025\/08\/transportation-animals-1024x684-2.jpg\" class=\"attachment-full size-full wp-image-361\" alt=\"\" srcset=\"https:\/\/venusveteriner.com\/wp-content\/uploads\/2025\/08\/transportation-animals-1024x684-2.jpg 684w, https:\/\/venusveteriner.com\/wp-content\/uploads\/2025\/08\/transportation-animals-1024x684-2-300x300.jpg 300w, https:\/\/venusveteriner.com\/wp-content\/uploads\/2025\/08\/transportation-animals-1024x684-2-150x150.jpg 150w\" sizes=\"(max-width: 684px) 100vw, 684px\" \/>\t\t\t\t\t\t\t\t<\/a>\n\t\t\t\t\t\t\t\t\t\t\t\t\t\t\t<\/div>\n\t\t\t\t<div class=\"elementor-element elementor-element-3318187 elementor-widget elementor-widget-heading\" data-id=\"3318187\" data-element_type=\"widget\" data-widget_type=\"heading.default\">\n\t\t\t\t\t<h5 class=\"elementor-heading-title elementor-size-default\"><a href=\"https:\/\/venusveteriner.com\/en\/hayvancilik\/damizlik-sigir-ticareti\/\">Breeding Cattle Trade<\/a><\/h5>\t\t\t\t<\/div>\n\t\t\t\t<div class=\"elementor-element elementor-element-b90f0fa elementor-widget-divider--view-line elementor-widget elementor-widget-divider\" data-id=\"b90f0fa\" data-element_type=\"widget\" data-widget_type=\"divider.default\">\n\t\t\t\t\t\t\t<div class=\"elementor-divider\">\n\t\t\t<span class=\"elementor-divider-separator\">\n\t\t\t\t\t\t<\/span>\n\t\t<\/div>\n\t\t\t\t\t\t<\/div>\n\t\t\t\t\t<\/div>\n\t\t<\/div>\n\t\t\t\t<div class=\"elementor-column elementor-col-33 elementor-inner-column elementor-element elementor-element-97348d2\" data-id=\"97348d2\" data-element_type=\"column\" data-settings=\"{&quot;background_background&quot;:&quot;classic&quot;}\">\n\t\t\t<div class=\"elementor-widget-wrap elementor-element-populated\">\n\t\t\t\t\t\t<div class=\"elementor-element elementor-element-c8ea1e0 elementor-widget elementor-widget-image\" data-id=\"c8ea1e0\" data-element_type=\"widget\" data-widget_type=\"image.default\">\n\t\t\t\t\t\t\t\t\t\t\t\t\t\t\t\t<a href=\"https:\/\/venusveteriner.com\/en\/hayvancilik\/besi-ve-kesim-amacli-sigir-ticareti\/\">\n\t\t\t\t\t\t\t<img decoding=\"async\" width=\"692\" height=\"692\" src=\"https:\/\/venusveteriner.com\/wp-content\/uploads\/2025\/08\/shorthorn-sigir-irki-ozellikleri-ve-yetistiriciligi.jpg\" class=\"attachment-full size-full wp-image-714\" alt=\"\" srcset=\"https:\/\/venusveteriner.com\/wp-content\/uploads\/2025\/08\/shorthorn-sigir-irki-ozellikleri-ve-yetistiriciligi.jpg 692w, https:\/\/venusveteriner.com\/wp-content\/uploads\/2025\/08\/shorthorn-sigir-irki-ozellikleri-ve-yetistiriciligi-300x300.jpg 300w, https:\/\/venusveteriner.com\/wp-content\/uploads\/2025\/08\/shorthorn-sigir-irki-ozellikleri-ve-yetistiriciligi-150x150.jpg 150w\" sizes=\"(max-width: 692px) 100vw, 692px\" \/>\t\t\t\t\t\t\t\t<\/a>\n\t\t\t\t\t\t\t\t\t\t\t\t\t\t\t<\/div>\n\t\t\t\t<div class=\"elementor-element elementor-element-1b1e0a8 elementor-widget elementor-widget-heading\" data-id=\"1b1e0a8\" data-element_type=\"widget\" data-widget_type=\"heading.default\">\n\t\t\t\t\t<h5 class=\"elementor-heading-title elementor-size-default\"><a href=\"https:\/\/venusveteriner.com\/en\/hayvancilik\/besi-ve-kesim-amacli-sigir-ticareti\/\">Fattening and Slaughter Cattle Trade<\/a><\/h5>\t\t\t\t<\/div>\n\t\t\t\t<div class=\"elementor-element elementor-element-2fbb4db elementor-widget-divider--view-line elementor-widget elementor-widget-divider\" data-id=\"2fbb4db\" data-element_type=\"widget\" data-widget_type=\"divider.default\">\n\t\t\t\t\t\t\t<div class=\"elementor-divider\">\n\t\t\t<span class=\"elementor-divider-separator\">\n\t\t\t\t\t\t<\/span>\n\t\t<\/div>\n\t\t\t\t\t\t<\/div>\n\t\t\t\t\t<\/div>\n\t\t<\/div>\n\t\t\t\t<div class=\"elementor-column elementor-col-33 elementor-inner-column elementor-element elementor-element-a2862f7\" data-id=\"a2862f7\" data-element_type=\"column\" data-settings=\"{&quot;background_background&quot;:&quot;classic&quot;}\">\n\t\t\t<div class=\"elementor-widget-wrap elementor-element-populated\">\n\t\t\t\t\t\t<div class=\"elementor-element elementor-element-64ab490 elementor-widget elementor-widget-image\" data-id=\"64ab490\" data-element_type=\"widget\" data-widget_type=\"image.default\">\n\t\t\t\t\t\t\t\t\t\t\t\t\t\t\t\t<a href=\"https:\/\/venusveteriner.com\/en\/hayvancilik\/yaris-ve-binek-ati-ticareti\/\">\n\t\t\t\t\t\t\t<img loading=\"lazy\" decoding=\"async\" width=\"450\" height=\"450\" src=\"https:\/\/venusveteriner.com\/wp-content\/uploads\/2025\/08\/325472d8d4e3d03f9ed84d88f44403a0-at-yarislarinin-tarihi.jpg\" class=\"attachment-full size-full wp-image-708\" alt=\"\" srcset=\"https:\/\/venusveteriner.com\/wp-content\/uploads\/2025\/08\/325472d8d4e3d03f9ed84d88f44403a0-at-yarislarinin-tarihi.jpg 450w, https:\/\/venusveteriner.com\/wp-content\/uploads\/2025\/08\/325472d8d4e3d03f9ed84d88f44403a0-at-yarislarinin-tarihi-300x300.jpg 300w, https:\/\/venusveteriner.com\/wp-content\/uploads\/2025\/08\/325472d8d4e3d03f9ed84d88f44403a0-at-yarislarinin-tarihi-150x150.jpg 150w\" sizes=\"(max-width: 450px) 100vw, 450px\" \/>\t\t\t\t\t\t\t\t<\/a>\n\t\t\t\t\t\t\t\t\t\t\t\t\t\t\t<\/div>\n\t\t\t\t<div class=\"elementor-element elementor-element-5eeaf33 elementor-widget elementor-widget-heading\" data-id=\"5eeaf33\" data-element_type=\"widget\" data-widget_type=\"heading.default\">\n\t\t\t\t\t<h5 class=\"elementor-heading-title elementor-size-default\"><a href=\"https:\/\/venusveteriner.com\/en\/hayvancilik\/yaris-ve-binek-ati-ticareti\/\">Racing and Riding Horse Trade<\/a><\/h5>\t\t\t\t<\/div>\n\t\t\t\t<div class=\"elementor-element elementor-element-027d3b0 elementor-widget-divider--view-line elementor-widget elementor-widget-divider\" data-id=\"027d3b0\" data-element_type=\"widget\" data-widget_type=\"divider.default\">\n\t\t\t\t\t\t\t<div class=\"elementor-divider\">\n\t\t\t<span class=\"elementor-divider-separator\">\n\t\t\t\t\t\t<\/span>\n\t\t<\/div>\n\t\t\t\t\t\t<\/div>\n\t\t\t\t\t<\/div>\n\t\t<\/div>\n\t\t\t\t\t<\/div>\n\t\t<\/section>\n\t\t\t\t<section class=\"elementor-section elementor-inner-section elementor-element elementor-element-f4e237f elementor-section-boxed elementor-section-height-default elementor-section-height-default\" data-id=\"f4e237f\" data-element_type=\"section\">\n\t\t\t\t\t\t<div class=\"elementor-container elementor-column-gap-no\">\n\t\t\t\t\t<div class=\"elementor-column elementor-col-33 elementor-inner-column elementor-element elementor-element-38985c9\" data-id=\"38985c9\" data-element_type=\"column\" data-settings=\"{&quot;background_background&quot;:&quot;classic&quot;}\">\n\t\t\t<div class=\"elementor-widget-wrap elementor-element-populated\">\n\t\t\t\t\t\t<div class=\"elementor-element elementor-element-cdedd00 elementor-widget elementor-widget-image\" data-id=\"cdedd00\" data-element_type=\"widget\" data-widget_type=\"image.default\">\n\t\t\t\t\t\t\t\t\t\t\t\t\t\t\t\t<a href=\"https:\/\/venusveteriner.com\/en\/hayvancilik\/koyun-ticareti\/\">\n\t\t\t\t\t\t\t<img loading=\"lazy\" decoding=\"async\" width=\"1116\" height=\"1116\" src=\"https:\/\/venusveteriner.com\/wp-content\/uploads\/2025\/08\/cute-sheep-barn-with-grass-1.jpg\" class=\"attachment-full size-full wp-image-712\" alt=\"\" srcset=\"https:\/\/venusveteriner.com\/wp-content\/uploads\/2025\/08\/cute-sheep-barn-with-grass-1.jpg 1116w, https:\/\/venusveteriner.com\/wp-content\/uploads\/2025\/08\/cute-sheep-barn-with-grass-1-300x300.jpg 300w, https:\/\/venusveteriner.com\/wp-content\/uploads\/2025\/08\/cute-sheep-barn-with-grass-1-1024x1024.jpg 1024w, https:\/\/venusveteriner.com\/wp-content\/uploads\/2025\/08\/cute-sheep-barn-with-grass-1-150x150.jpg 150w, https:\/\/venusveteriner.com\/wp-content\/uploads\/2025\/08\/cute-sheep-barn-with-grass-1-768x768.jpg 768w\" sizes=\"(max-width: 1116px) 100vw, 1116px\" \/>\t\t\t\t\t\t\t\t<\/a>\n\t\t\t\t\t\t\t\t\t\t\t\t\t\t\t<\/div>\n\t\t\t\t<div class=\"elementor-element elementor-element-9b5616d elementor-widget elementor-widget-heading\" data-id=\"9b5616d\" data-element_type=\"widget\" data-widget_type=\"heading.default\">\n\t\t\t\t\t<h5 class=\"elementor-heading-title elementor-size-default\"><a href=\"https:\/\/venusveteriner.com\/en\/hayvancilik\/koyun-ticareti\/\">Sheep Trade<\/a><\/h5>\t\t\t\t<\/div>\n\t\t\t\t<div class=\"elementor-element elementor-element-be9ff0e elementor-widget-divider--view-line elementor-widget elementor-widget-divider\" data-id=\"be9ff0e\" data-element_type=\"widget\" data-widget_type=\"divider.default\">\n\t\t\t\t\t\t\t<div class=\"elementor-divider\">\n\t\t\t<span class=\"elementor-divider-separator\">\n\t\t\t\t\t\t<\/span>\n\t\t<\/div>\n\t\t\t\t\t\t<\/div>\n\t\t\t\t\t<\/div>\n\t\t<\/div>\n\t\t\t\t<div class=\"elementor-column elementor-col-33 elementor-inner-column elementor-element elementor-element-a6f80da\" data-id=\"a6f80da\" data-element_type=\"column\" data-settings=\"{&quot;background_background&quot;:&quot;classic&quot;}\">\n\t\t\t<div class=\"elementor-widget-wrap elementor-element-populated\">\n\t\t\t\t\t\t<div class=\"elementor-element elementor-element-95175f4 elementor-widget elementor-widget-image\" data-id=\"95175f4\" data-element_type=\"widget\" data-widget_type=\"image.default\">\n\t\t\t\t\t\t\t\t\t\t\t\t\t\t\t\t<a href=\"https:\/\/venusveteriner.com\/en\/hayvancilik\/et-ticareti\/\">\n\t\t\t\t\t\t\t<img loading=\"lazy\" decoding=\"async\" width=\"1000\" height=\"1000\" src=\"https:\/\/venusveteriner.com\/wp-content\/uploads\/2025\/08\/hunland-hus-1.webp\" class=\"attachment-full size-full wp-image-553\" alt=\"\" srcset=\"https:\/\/venusveteriner.com\/wp-content\/uploads\/2025\/08\/hunland-hus-1.webp 1000w, https:\/\/venusveteriner.com\/wp-content\/uploads\/2025\/08\/hunland-hus-1-300x300.webp 300w, https:\/\/venusveteriner.com\/wp-content\/uploads\/2025\/08\/hunland-hus-1-150x150.webp 150w, https:\/\/venusveteriner.com\/wp-content\/uploads\/2025\/08\/hunland-hus-1-768x768.webp 768w\" sizes=\"(max-width: 1000px) 100vw, 1000px\" \/>\t\t\t\t\t\t\t\t<\/a>\n\t\t\t\t\t\t\t\t\t\t\t\t\t\t\t<\/div>\n\t\t\t\t<div class=\"elementor-element elementor-element-da23ffd elementor-widget elementor-widget-heading\" data-id=\"da23ffd\" data-element_type=\"widget\" data-widget_type=\"heading.default\">\n\t\t\t\t\t<h5 class=\"elementor-heading-title elementor-size-default\"><a href=\"https:\/\/venusveteriner.com\/en\/hayvancilik\/et-ticareti\/\">Meat Trade<\/a><\/h5>\t\t\t\t<\/div>\n\t\t\t\t<div class=\"elementor-element elementor-element-ac777bf elementor-widget-divider--view-line elementor-widget elementor-widget-divider\" data-id=\"ac777bf\" data-element_type=\"widget\" data-widget_type=\"divider.default\">\n\t\t\t\t\t\t\t<div class=\"elementor-divider\">\n\t\t\t<span class=\"elementor-divider-separator\">\n\t\t\t\t\t\t<\/span>\n\t\t<\/div>\n\t\t\t\t\t\t<\/div>\n\t\t\t\t\t<\/div>\n\t\t<\/div>\n\t\t\t\t<div class=\"elementor-column elementor-col-33 elementor-inner-column elementor-element elementor-element-7eea3f6\" data-id=\"7eea3f6\" data-element_type=\"column\" data-settings=\"{&quot;background_background&quot;:&quot;classic&quot;}\">\n\t\t\t<div class=\"elementor-widget-wrap\">\n\t\t\t\t\t\t\t<\/div>\n\t\t<\/div>\n\t\t\t\t\t<\/div>\n\t\t<\/section>\n\t\t\t\t\t<\/div>\n\t\t<\/div>\n\t\t\t\t\t<\/div>\n\t\t<\/section>\n\t\t\t\t<\/div>","protected":false},"excerpt":{"rendered":"<p>Hayvanc\u0131l\u0131k Anasayfa Hayvanc\u0131l\u0131k Hayvan yeti\u015ftiricilerini d\u00fcnyan\u0131n d\u00f6rt bir yan\u0131ndaki al\u0131c\u0131larla bulu\u015fturuyoruz. Ven\u00fcs Hayvanc\u0131l\u0131k, 10 y\u0131l\u0131 a\u015fk\u0131n deneyimiyle hayvanc\u0131l\u0131k sekt\u00f6r\u00fcnde g\u00fc\u00e7l\u00fc bir konuma ula\u015fm\u0131\u015f, uluslararas\u0131 bir ticaret a\u011f\u0131 olu\u015fturarak sekt\u00f6r\u00fcn \u00f6nde gelen markalar\u0131ndan biri haline gelmi\u015ftir. D\u00fcnyan\u0131n farkl\u0131 b\u00f6lgelerindeki al\u0131c\u0131larla hayvan yeti\u015ftiricilerini g\u00fcvenilir bir platformda bulu\u015fturuyoruz. Tedarik stratejimiz, y\u0131l\u0131n her d\u00f6neminde geni\u015f bir hayvan \u00e7e\u015fitlili\u011fini kapsayacak [&hellip;]<\/p>","protected":false},"author":1,"featured_media":0,"parent":0,"menu_order":0,"comment_status":"closed","ping_status":"closed","template":"elementor_header_footer","meta":{"footnotes":""},"class_list":["post-215","page","type-page","status-publish","hentry"],"_links":{"self":[{"href":"https:\/\/venusveteriner.com\/en\/wp-json\/wp\/v2\/pages\/215","targetHints":{"allow":["GET"]}}],"collection":[{"href":"https:\/\/venusveteriner.com\/en\/wp-json\/wp\/v2\/pages"}],"about":[{"href":"https:\/\/venusveteriner.com\/en\/wp-json\/wp\/v2\/types\/page"}],"author":[{"embeddable":true,"href":"https:\/\/venusveteriner.com\/en\/wp-json\/wp\/v2\/users\/1"}],"replies":[{"embeddable":true,"href":"https:\/\/venusveteriner.com\/en\/wp-json\/wp\/v2\/comments?post=215"}],"version-history":[{"count":112,"href":"https:\/\/venusveteriner.com\/en\/wp-json\/wp\/v2\/pages\/215\/revisions"}],"predecessor-version":[{"id":759,"href":"https:\/\/venusveteriner.com\/en\/wp-json\/wp\/v2\/pages\/215\/revisions\/759"}],"wp:attachment":[{"href":"https:\/\/venusveteriner.com\/en\/wp-json\/wp\/v2\/media?parent=215"}],"curies":[{"name":"wp","href":"https:\/\/api.w.org\/{rel}","templated":true}]}}