{"id":218,"date":"2025-08-18T10:44:36","date_gmt":"2025-08-18T10:44:36","guid":{"rendered":"https:\/\/venusveteriner.com\/?page_id=218"},"modified":"2025-09-09T09:50:50","modified_gmt":"2025-09-09T09:50:50","slug":"tasimacilik","status":"publish","type":"page","link":"https:\/\/venusveteriner.com\/en\/tasimacilik\/","title":{"rendered":"Transportation"},"content":{"rendered":"<div data-elementor-type=\"wp-page\" data-elementor-id=\"218\" class=\"elementor elementor-218\">\n\t\t\t\t\t\t<section class=\"elementor-section elementor-top-section elementor-element elementor-element-df79e58 elementor-reverse-tablet elementor-reverse-mobile elementor-section-boxed elementor-section-height-default elementor-section-height-default\" data-id=\"df79e58\" data-element_type=\"section\" data-settings=\"{&quot;background_background&quot;:&quot;classic&quot;}\">\n\t\t\t\t\t\t\t<div class=\"elementor-background-overlay\"><\/div>\n\t\t\t\t\t\t\t<div class=\"elementor-container elementor-column-gap-default\">\n\t\t\t\t\t<div class=\"elementor-column elementor-col-100 elementor-top-column elementor-element elementor-element-9c7467b\" data-id=\"9c7467b\" data-element_type=\"column\">\n\t\t\t<div class=\"elementor-widget-wrap elementor-element-populated\">\n\t\t\t\t\t\t<div class=\"elementor-element elementor-element-8d6a1f9 elementor-widget elementor-widget-heading\" data-id=\"8d6a1f9\" data-element_type=\"widget\" data-widget_type=\"heading.default\">\n\t\t\t\t\t<h1 class=\"elementor-heading-title elementor-size-default\">Transportation<\/h1>\t\t\t\t<\/div>\n\t\t\t\t<div class=\"elementor-element elementor-element-be601b5 elementor-align-center elementor-icon-list--layout-inline elementor-mobile-align-center elementor-list-item-link-full_width elementor-widget elementor-widget-icon-list\" data-id=\"be601b5\" data-element_type=\"widget\" data-widget_type=\"icon-list.default\">\n\t\t\t\t\t\t\t<ul class=\"elementor-icon-list-items elementor-inline-items\">\n\t\t\t\t\t\t\t<li class=\"elementor-icon-list-item elementor-inline-item\">\n\t\t\t\t\t\t\t\t\t\t<span class=\"elementor-icon-list-text\">Home<\/span>\n\t\t\t\t\t\t\t\t\t<\/li>\n\t\t\t\t\t\t\t\t<li class=\"elementor-icon-list-item elementor-inline-item\">\n\t\t\t\t\t\t\t\t\t\t\t<span class=\"elementor-icon-list-icon\">\n\t\t\t\t\t\t\t<svg aria-hidden=\"true\" class=\"e-font-icon-svg e-fas-chevron-right\" viewbox=\"0 0 320 512\" xmlns=\"http:\/\/www.w3.org\/2000\/svg\"><path d=\"M285.476 272.971L91.132 467.314c-9.373 9.373-24.569 9.373-33.941 0l-22.667-22.667c-9.357-9.357-9.375-24.522-.04-33.901L188.505 256 34.484 101.255c-9.335-9.379-9.317-24.544.04-33.901l22.667-22.667c9.373-9.373 24.569-9.373 33.941 0L285.475 239.03c9.373 9.372 9.373 24.568.001 33.941z\"><\/path><\/svg>\t\t\t\t\t\t<\/span>\n\t\t\t\t\t\t\t\t\t\t<span class=\"elementor-icon-list-text\">Transportation<\/span>\n\t\t\t\t\t\t\t\t\t<\/li>\n\t\t\t\t\t\t<\/ul>\n\t\t\t\t\t\t<\/div>\n\t\t\t\t\t<\/div>\n\t\t<\/div>\n\t\t\t\t\t<\/div>\n\t\t<\/section>\n\t\t\t\t<section class=\"elementor-section elementor-top-section elementor-element elementor-element-a9a84b4 elementor-section-content-middle elementor-section-boxed elementor-section-height-default elementor-section-height-default\" data-id=\"a9a84b4\" data-element_type=\"section\">\n\t\t\t\t\t\t<div class=\"elementor-container elementor-column-gap-default\">\n\t\t\t\t\t<div class=\"elementor-column elementor-col-50 elementor-top-column elementor-element elementor-element-6832ef7\" data-id=\"6832ef7\" data-element_type=\"column\">\n\t\t\t<div class=\"elementor-widget-wrap elementor-element-populated\">\n\t\t\t\t\t\t<div class=\"elementor-element elementor-element-7f3103c elementor-widget elementor-widget-heading\" data-id=\"7f3103c\" data-element_type=\"widget\" data-widget_type=\"heading.default\">\n\t\t\t\t\t<h2 class=\"elementor-heading-title elementor-size-default\">Pregnant Heifer Transportation<\/h2>\t\t\t\t<\/div>\n\t\t\t\t<div class=\"elementor-element elementor-element-1aa1951 elementor-widget elementor-widget-text-editor\" data-id=\"1aa1951\" data-element_type=\"widget\" data-widget_type=\"text-editor.default\">\n\t\t\t\t\t\t\t\t\t<p>Venus Livestock specializes in the safe and healthy transportation of pregnant heifers sourced from Europe\u2019s leading farms. Animal welfare is prioritized during the transportation process, with all stages carried out under veterinary supervision and in compliance with international standards.<\/p>\t\t\t\t\t\t\t\t<\/div>\n\t\t\t\t\t<\/div>\n\t\t<\/div>\n\t\t\t\t<div class=\"elementor-column elementor-col-50 elementor-top-column elementor-element elementor-element-49ac7ccc\" data-id=\"49ac7ccc\" data-element_type=\"column\" data-settings=\"{&quot;background_background&quot;:&quot;classic&quot;}\">\n\t\t\t<div class=\"elementor-widget-wrap elementor-element-populated\">\n\t\t\t\t\t\t<div class=\"elementor-element elementor-element-c94c3ae elementor-widget elementor-widget-image\" data-id=\"c94c3ae\" data-element_type=\"widget\" data-widget_type=\"image.default\">\n\t\t\t\t\t\t\t\t\t\t\t\t\t\t\t<img fetchpriority=\"high\" decoding=\"async\" width=\"800\" height=\"534\" src=\"https:\/\/venusveteriner.com\/wp-content\/uploads\/2025\/09\/WhatsApp-Image-2025-09-04-at-19.31.33-1024x683.jpeg\" class=\"attachment-large size-large wp-image-930\" alt=\"\" srcset=\"https:\/\/venusveteriner.com\/wp-content\/uploads\/2025\/09\/WhatsApp-Image-2025-09-04-at-19.31.33-1024x683.jpeg 1024w, https:\/\/venusveteriner.com\/wp-content\/uploads\/2025\/09\/WhatsApp-Image-2025-09-04-at-19.31.33-300x200.jpeg 300w, https:\/\/venusveteriner.com\/wp-content\/uploads\/2025\/09\/WhatsApp-Image-2025-09-04-at-19.31.33-768x512.jpeg 768w, https:\/\/venusveteriner.com\/wp-content\/uploads\/2025\/09\/WhatsApp-Image-2025-09-04-at-19.31.33.jpeg 1536w\" sizes=\"(max-width: 800px) 100vw, 800px\" \/>\t\t\t\t\t\t\t\t\t\t\t\t\t\t\t<\/div>\n\t\t\t\t\t<\/div>\n\t\t<\/div>\n\t\t\t\t\t<\/div>\n\t\t<\/section>\n\t\t<div class=\"elementor-element elementor-element-c839527 e-flex e-con-boxed e-con e-parent\" data-id=\"c839527\" data-element_type=\"container\">\n\t\t\t\t\t<div class=\"e-con-inner\">\n\t\t\t\t<div class=\"elementor-element elementor-element-648ed42 elementor-widget-divider--view-line elementor-widget elementor-widget-divider\" data-id=\"648ed42\" data-element_type=\"widget\" data-widget_type=\"divider.default\">\n\t\t\t\t\t\t\t<div class=\"elementor-divider\">\n\t\t\t<span class=\"elementor-divider-separator\">\n\t\t\t\t\t\t<\/span>\n\t\t<\/div>\n\t\t\t\t\t\t<\/div>\n\t\t\t\t\t<\/div>\n\t\t\t\t<\/div>\n\t\t\t\t<section class=\"elementor-section elementor-top-section elementor-element elementor-element-b616216 elementor-section-content-middle elementor-section-boxed elementor-section-height-default elementor-section-height-default\" data-id=\"b616216\" data-element_type=\"section\">\n\t\t\t\t\t\t<div class=\"elementor-container elementor-column-gap-default\">\n\t\t\t\t\t<div class=\"elementor-column elementor-col-50 elementor-top-column elementor-element elementor-element-4b8377e\" data-id=\"4b8377e\" data-element_type=\"column\">\n\t\t\t<div class=\"elementor-widget-wrap elementor-element-populated\">\n\t\t\t\t\t\t<div class=\"elementor-element elementor-element-0f703de elementor-widget elementor-widget-heading\" data-id=\"0f703de\" data-element_type=\"widget\" data-widget_type=\"heading.default\">\n\t\t\t\t\t<h2 class=\"elementor-heading-title elementor-size-default\">Fattening Cattle Transportation<\/h2>\t\t\t\t<\/div>\n\t\t\t\t<div class=\"elementor-element elementor-element-9e6395b elementor-widget elementor-widget-text-editor\" data-id=\"9e6395b\" data-element_type=\"widget\" data-widget_type=\"text-editor.default\">\n\t\t\t\t\t\t\t\t\t<p>We provide uninterrupted domestic and international transportation services for young cattle intended for fattening, supported by our modern logistics infrastructure. Thanks to our specially equipped vehicles, animal comfort is maintained, ensuring a safe and stress-free journey even over long distances.<\/p>\t\t\t\t\t\t\t\t<\/div>\n\t\t\t\t\t<\/div>\n\t\t<\/div>\n\t\t\t\t<div class=\"elementor-column elementor-col-50 elementor-top-column elementor-element elementor-element-5ef9459\" data-id=\"5ef9459\" data-element_type=\"column\" data-settings=\"{&quot;background_background&quot;:&quot;classic&quot;}\">\n\t\t\t<div class=\"elementor-widget-wrap elementor-element-populated\">\n\t\t\t\t\t\t<div class=\"elementor-element elementor-element-b474de6 elementor-widget elementor-widget-image\" data-id=\"b474de6\" data-element_type=\"widget\" data-widget_type=\"image.default\">\n\t\t\t\t\t\t\t\t\t\t\t\t\t\t\t<img decoding=\"async\" width=\"800\" height=\"534\" src=\"https:\/\/venusveteriner.com\/wp-content\/uploads\/2025\/09\/WhatsApp-Image-2025-09-04-at-19.39.24-1024x683.jpeg\" class=\"attachment-large size-large wp-image-931\" alt=\"\" srcset=\"https:\/\/venusveteriner.com\/wp-content\/uploads\/2025\/09\/WhatsApp-Image-2025-09-04-at-19.39.24-1024x683.jpeg 1024w, https:\/\/venusveteriner.com\/wp-content\/uploads\/2025\/09\/WhatsApp-Image-2025-09-04-at-19.39.24-300x200.jpeg 300w, https:\/\/venusveteriner.com\/wp-content\/uploads\/2025\/09\/WhatsApp-Image-2025-09-04-at-19.39.24-768x512.jpeg 768w, https:\/\/venusveteriner.com\/wp-content\/uploads\/2025\/09\/WhatsApp-Image-2025-09-04-at-19.39.24.jpeg 1536w\" sizes=\"(max-width: 800px) 100vw, 800px\" \/>\t\t\t\t\t\t\t\t\t\t\t\t\t\t\t<\/div>\n\t\t\t\t\t<\/div>\n\t\t<\/div>\n\t\t\t\t\t<\/div>\n\t\t<\/section>\n\t\t<div class=\"elementor-element elementor-element-2f9ef41 e-flex e-con-boxed e-con e-parent\" data-id=\"2f9ef41\" data-element_type=\"container\">\n\t\t\t\t\t<div class=\"e-con-inner\">\n\t\t\t\t<div class=\"elementor-element elementor-element-6fa5f43 elementor-widget-divider--view-line elementor-widget elementor-widget-divider\" data-id=\"6fa5f43\" data-element_type=\"widget\" data-widget_type=\"divider.default\">\n\t\t\t\t\t\t\t<div class=\"elementor-divider\">\n\t\t\t<span class=\"elementor-divider-separator\">\n\t\t\t\t\t\t<\/span>\n\t\t<\/div>\n\t\t\t\t\t\t<\/div>\n\t\t\t\t\t<\/div>\n\t\t\t\t<\/div>\n\t\t\t\t<section class=\"elementor-section elementor-top-section elementor-element elementor-element-9ecde3d elementor-section-content-middle elementor-section-boxed elementor-section-height-default elementor-section-height-default\" data-id=\"9ecde3d\" data-element_type=\"section\">\n\t\t\t\t\t\t<div class=\"elementor-container elementor-column-gap-default\">\n\t\t\t\t\t<div class=\"elementor-column elementor-col-50 elementor-top-column elementor-element elementor-element-785f622\" data-id=\"785f622\" data-element_type=\"column\">\n\t\t\t<div class=\"elementor-widget-wrap elementor-element-populated\">\n\t\t\t\t\t\t<div class=\"elementor-element elementor-element-a89eb89 elementor-widget elementor-widget-heading\" data-id=\"a89eb89\" data-element_type=\"widget\" data-widget_type=\"heading.default\">\n\t\t\t\t\t<h2 class=\"elementor-heading-title elementor-size-default\">Sheep and Goat Transportation<\/h2>\t\t\t\t<\/div>\n\t\t\t\t<div class=\"elementor-element elementor-element-1e2cf19 elementor-widget elementor-widget-text-editor\" data-id=\"1e2cf19\" data-element_type=\"widget\" data-widget_type=\"text-editor.default\">\n\t\t\t\t\t\t\t\t\t<p>We have extensive operational experience in the transportation of breeding, fattening, or slaughter sheep and goats. Our logistics processes are carefully designed to meet the delicate needs of small ruminants and are carried out in line with\u2014and beyond\u2014international animal welfare standards.<\/p>\t\t\t\t\t\t\t\t<\/div>\n\t\t\t\t\t<\/div>\n\t\t<\/div>\n\t\t\t\t<div class=\"elementor-column elementor-col-50 elementor-top-column elementor-element elementor-element-f328960\" data-id=\"f328960\" data-element_type=\"column\" data-settings=\"{&quot;background_background&quot;:&quot;classic&quot;}\">\n\t\t\t<div class=\"elementor-widget-wrap elementor-element-populated\">\n\t\t\t\t\t\t<div class=\"elementor-element elementor-element-c11728c elementor-widget elementor-widget-image\" data-id=\"c11728c\" data-element_type=\"widget\" data-widget_type=\"image.default\">\n\t\t\t\t\t\t\t\t\t\t\t\t\t\t\t<img decoding=\"async\" width=\"800\" height=\"534\" src=\"https:\/\/venusveteriner.com\/wp-content\/uploads\/2025\/09\/WhatsApp-Image-2025-09-04-at-19.44.58-1024x683.jpeg\" class=\"attachment-large size-large wp-image-932\" alt=\"\" srcset=\"https:\/\/venusveteriner.com\/wp-content\/uploads\/2025\/09\/WhatsApp-Image-2025-09-04-at-19.44.58-1024x683.jpeg 1024w, https:\/\/venusveteriner.com\/wp-content\/uploads\/2025\/09\/WhatsApp-Image-2025-09-04-at-19.44.58-300x200.jpeg 300w, https:\/\/venusveteriner.com\/wp-content\/uploads\/2025\/09\/WhatsApp-Image-2025-09-04-at-19.44.58-768x512.jpeg 768w, https:\/\/venusveteriner.com\/wp-content\/uploads\/2025\/09\/WhatsApp-Image-2025-09-04-at-19.44.58.jpeg 1536w\" sizes=\"(max-width: 800px) 100vw, 800px\" \/>\t\t\t\t\t\t\t\t\t\t\t\t\t\t\t<\/div>\n\t\t\t\t\t<\/div>\n\t\t<\/div>\n\t\t\t\t\t<\/div>\n\t\t<\/section>\n\t\t<div class=\"elementor-element elementor-element-5db143b e-flex e-con-boxed e-con e-parent\" data-id=\"5db143b\" data-element_type=\"container\">\n\t\t\t\t\t<div class=\"e-con-inner\">\n\t\t\t\t<div class=\"elementor-element elementor-element-aedadb6 elementor-widget-divider--view-line elementor-widget elementor-widget-divider\" data-id=\"aedadb6\" data-element_type=\"widget\" data-widget_type=\"divider.default\">\n\t\t\t\t\t\t\t<div class=\"elementor-divider\">\n\t\t\t<span class=\"elementor-divider-separator\">\n\t\t\t\t\t\t<\/span>\n\t\t<\/div>\n\t\t\t\t\t\t<\/div>\n\t\t\t\t\t<\/div>\n\t\t\t\t<\/div>\n\t\t\t\t<section class=\"elementor-section elementor-top-section elementor-element elementor-element-da44fb1 elementor-section-content-middle elementor-section-boxed elementor-section-height-default elementor-section-height-default\" data-id=\"da44fb1\" data-element_type=\"section\">\n\t\t\t\t\t\t<div class=\"elementor-container elementor-column-gap-default\">\n\t\t\t\t\t<div class=\"elementor-column elementor-col-50 elementor-top-column elementor-element elementor-element-dcb8eb1\" data-id=\"dcb8eb1\" data-element_type=\"column\">\n\t\t\t<div class=\"elementor-widget-wrap elementor-element-populated\">\n\t\t\t\t\t\t<div class=\"elementor-element elementor-element-619a0ec elementor-widget elementor-widget-heading\" data-id=\"619a0ec\" data-element_type=\"widget\" data-widget_type=\"heading.default\">\n\t\t\t\t\t<h2 class=\"elementor-heading-title elementor-size-default\">Meat Transportation<\/h2>\t\t\t\t<\/div>\n\t\t\t\t<div class=\"elementor-element elementor-element-b942e40 elementor-widget elementor-widget-text-editor\" data-id=\"b942e40\" data-element_type=\"widget\" data-widget_type=\"text-editor.default\">\n\t\t\t\t\t\t\t\t\t<p>Venus Livestock not only handles live animal transport but also provides logistics services for sheep, lamb, and beef meat. Through cold chain logistics and air cargo transportation, fresh meat products are delivered to global markets safely, quickly, <strong>and with full traceability.<\/strong> Thanks to our strong logistics network, particularly in Europe and the Middle East, we provide uninterrupted services to our clients in numerous countries.<\/p>\t\t\t\t\t\t\t\t<\/div>\n\t\t\t\t\t<\/div>\n\t\t<\/div>\n\t\t\t\t<div class=\"elementor-column elementor-col-50 elementor-top-column elementor-element elementor-element-333f79d\" data-id=\"333f79d\" data-element_type=\"column\" data-settings=\"{&quot;background_background&quot;:&quot;classic&quot;}\">\n\t\t\t<div class=\"elementor-widget-wrap elementor-element-populated\">\n\t\t\t\t\t\t<div class=\"elementor-element elementor-element-9cac615 elementor-widget elementor-widget-image\" data-id=\"9cac615\" data-element_type=\"widget\" data-widget_type=\"image.default\">\n\t\t\t\t\t\t\t\t\t\t\t\t\t\t\t<img loading=\"lazy\" decoding=\"async\" width=\"800\" height=\"800\" src=\"https:\/\/venusveteriner.com\/wp-content\/uploads\/2025\/08\/hunland-hus-1.webp\" class=\"attachment-large size-large wp-image-553\" alt=\"\" srcset=\"https:\/\/venusveteriner.com\/wp-content\/uploads\/2025\/08\/hunland-hus-1.webp 1000w, https:\/\/venusveteriner.com\/wp-content\/uploads\/2025\/08\/hunland-hus-1-300x300.webp 300w, https:\/\/venusveteriner.com\/wp-content\/uploads\/2025\/08\/hunland-hus-1-150x150.webp 150w, https:\/\/venusveteriner.com\/wp-content\/uploads\/2025\/08\/hunland-hus-1-768x768.webp 768w\" sizes=\"(max-width: 800px) 100vw, 800px\" \/>\t\t\t\t\t\t\t\t\t\t\t\t\t\t\t<\/div>\n\t\t\t\t\t<\/div>\n\t\t<\/div>\n\t\t\t\t\t<\/div>\n\t\t<\/section>\n\t\t\t\t<\/div>","protected":false},"excerpt":{"rendered":"<p>Ta\u015f\u0131mac\u0131l\u0131k Anasayfa Ta\u015f\u0131mac\u0131l\u0131k Gebe D\u00fcve Ta\u015f\u0131mac\u0131l\u0131\u011f\u0131 Ven\u00fcs Hayvanc\u0131l\u0131k, Avrupa\u2019n\u0131n \u00f6nde gelen \u00e7iftliklerinden temin edilen gebe d\u00fcvelerin g\u00fcvenli ve sa\u011fl\u0131kl\u0131 \u015fekilde ta\u015f\u0131nmas\u0131nda uzmanla\u015fm\u0131\u015ft\u0131r. Ta\u015f\u0131ma s\u00fcre\u00e7lerinde hayvan refah\u0131 \u00f6n planda tutulmakta, t\u00fcm nakliye a\u015famalar\u0131 veteriner kontrol\u00fcnde ve uluslararas\u0131 standartlara uygun \u015fekilde ger\u00e7ekle\u015ftirilmektedir. Besilik Canl\u0131 Hayvan Ta\u015f\u0131mac\u0131l\u0131\u011f\u0131 Besi ama\u00e7l\u0131 gen\u00e7 s\u0131\u011f\u0131rlar\u0131n yurti\u00e7i ve uluslararas\u0131 nakliyesinde, modern ta\u015f\u0131mac\u0131l\u0131k altyap\u0131m\u0131zla [&hellip;]<\/p>","protected":false},"author":1,"featured_media":0,"parent":0,"menu_order":0,"comment_status":"closed","ping_status":"closed","template":"elementor_header_footer","meta":{"footnotes":""},"class_list":["post-218","page","type-page","status-publish","hentry"],"_links":{"self":[{"href":"https:\/\/venusveteriner.com\/en\/wp-json\/wp\/v2\/pages\/218","targetHints":{"allow":["GET"]}}],"collection":[{"href":"https:\/\/venusveteriner.com\/en\/wp-json\/wp\/v2\/pages"}],"about":[{"href":"https:\/\/venusveteriner.com\/en\/wp-json\/wp\/v2\/types\/page"}],"author":[{"embeddable":true,"href":"https:\/\/venusveteriner.com\/en\/wp-json\/wp\/v2\/users\/1"}],"replies":[{"embeddable":true,"href":"https:\/\/venusveteriner.com\/en\/wp-json\/wp\/v2\/comments?post=218"}],"version-history":[{"count":31,"href":"https:\/\/venusveteriner.com\/en\/wp-json\/wp\/v2\/pages\/218\/revisions"}],"predecessor-version":[{"id":935,"href":"https:\/\/venusveteriner.com\/en\/wp-json\/wp\/v2\/pages\/218\/revisions\/935"}],"wp:attachment":[{"href":"https:\/\/venusveteriner.com\/en\/wp-json\/wp\/v2\/media?parent=218"}],"curies":[{"name":"wp","href":"https:\/\/api.w.org\/{rel}","templated":true}]}}