{"id":237,"date":"2025-08-18T10:46:36","date_gmt":"2025-08-18T10:46:36","guid":{"rendered":"https:\/\/venusveteriner.com\/?page_id=237"},"modified":"2025-08-27T09:23:13","modified_gmt":"2025-08-27T09:23:13","slug":"veteriner-klinikleri","status":"publish","type":"page","link":"https:\/\/venusveteriner.com\/en\/veteriner-klinikleri\/","title":{"rendered":"Veterinary Clinics"},"content":{"rendered":"<div data-elementor-type=\"wp-page\" data-elementor-id=\"237\" class=\"elementor elementor-237\">\n\t\t\t\t\t\t<section class=\"elementor-section elementor-top-section elementor-element elementor-element-ab56e64 elementor-reverse-tablet elementor-reverse-mobile elementor-section-boxed elementor-section-height-default elementor-section-height-default\" data-id=\"ab56e64\" data-element_type=\"section\" data-settings=\"{&quot;background_background&quot;:&quot;classic&quot;}\">\n\t\t\t\t\t\t\t<div class=\"elementor-background-overlay\"><\/div>\n\t\t\t\t\t\t\t<div class=\"elementor-container elementor-column-gap-default\">\n\t\t\t\t\t<div class=\"elementor-column elementor-col-100 elementor-top-column elementor-element elementor-element-81f3127\" data-id=\"81f3127\" data-element_type=\"column\">\n\t\t\t<div class=\"elementor-widget-wrap elementor-element-populated\">\n\t\t\t\t\t\t<div class=\"elementor-element elementor-element-8dc8f34 elementor-widget elementor-widget-heading\" data-id=\"8dc8f34\" data-element_type=\"widget\" data-widget_type=\"heading.default\">\n\t\t\t\t\t<h1 class=\"elementor-heading-title elementor-size-default\">Veterinary Clinics<\/h1>\t\t\t\t<\/div>\n\t\t\t\t<div class=\"elementor-element elementor-element-07445e1 elementor-align-center elementor-icon-list--layout-inline elementor-mobile-align-center elementor-list-item-link-full_width elementor-widget elementor-widget-icon-list\" data-id=\"07445e1\" data-element_type=\"widget\" data-widget_type=\"icon-list.default\">\n\t\t\t\t\t\t\t<ul class=\"elementor-icon-list-items elementor-inline-items\">\n\t\t\t\t\t\t\t<li class=\"elementor-icon-list-item elementor-inline-item\">\n\t\t\t\t\t\t\t\t\t\t<span class=\"elementor-icon-list-text\">Home<\/span>\n\t\t\t\t\t\t\t\t\t<\/li>\n\t\t\t\t\t\t\t\t<li class=\"elementor-icon-list-item elementor-inline-item\">\n\t\t\t\t\t\t\t\t\t\t\t<span class=\"elementor-icon-list-icon\">\n\t\t\t\t\t\t\t<svg aria-hidden=\"true\" class=\"e-font-icon-svg e-fas-chevron-right\" viewbox=\"0 0 320 512\" xmlns=\"http:\/\/www.w3.org\/2000\/svg\"><path d=\"M285.476 272.971L91.132 467.314c-9.373 9.373-24.569 9.373-33.941 0l-22.667-22.667c-9.357-9.357-9.375-24.522-.04-33.901L188.505 256 34.484 101.255c-9.335-9.379-9.317-24.544.04-33.901l22.667-22.667c9.373-9.373 24.569-9.373 33.941 0L285.475 239.03c9.373 9.372 9.373 24.568.001 33.941z\"><\/path><\/svg>\t\t\t\t\t\t<\/span>\n\t\t\t\t\t\t\t\t\t\t<span class=\"elementor-icon-list-text\">Veterinary Clinics<\/span>\n\t\t\t\t\t\t\t\t\t<\/li>\n\t\t\t\t\t\t<\/ul>\n\t\t\t\t\t\t<\/div>\n\t\t\t\t\t<\/div>\n\t\t<\/div>\n\t\t\t\t\t<\/div>\n\t\t<\/section>\n\t\t\t\t<section class=\"elementor-section elementor-top-section elementor-element elementor-element-2cefd065 elementor-section-boxed elementor-section-height-default elementor-section-height-default\" data-id=\"2cefd065\" data-element_type=\"section\">\n\t\t\t\t\t\t<div class=\"elementor-container elementor-column-gap-default\">\n\t\t\t\t\t<div class=\"elementor-column elementor-col-100 elementor-top-column elementor-element elementor-element-5fdd0c67\" data-id=\"5fdd0c67\" data-element_type=\"column\">\n\t\t\t<div class=\"elementor-widget-wrap elementor-element-populated\">\n\t\t\t\t\t\t<div class=\"elementor-element elementor-element-814107a elementor-widget elementor-widget-text-editor\" data-id=\"814107a\" data-element_type=\"widget\" data-widget_type=\"text-editor.default\">\n\t\t\t\t\t\t\t\t\t<p><em>Alongside its international livestock and logistics operations, Venus Livestock is also actively engaged in veterinary healthcare services. The company operates a total of four veterinary clinics\u2014three in Istanbul and one in Ankara\u2014offering comprehensive and reliable services for animal health.<\/em><\/p>\t\t\t\t\t\t\t\t<\/div>\n\t\t\t\t<section class=\"elementor-section elementor-inner-section elementor-element elementor-element-6f8fc4bf elementor-section-boxed elementor-section-height-default elementor-section-height-default\" data-id=\"6f8fc4bf\" data-element_type=\"section\">\n\t\t\t\t\t\t<div class=\"elementor-container elementor-column-gap-no\">\n\t\t\t\t\t<div class=\"elementor-column elementor-col-50 elementor-inner-column elementor-element elementor-element-d9cd5f9\" data-id=\"d9cd5f9\" data-element_type=\"column\">\n\t\t\t<div class=\"elementor-widget-wrap elementor-element-populated\">\n\t\t\t\t\t\t<div class=\"elementor-element elementor-element-295fbb7c elementor-widget elementor-widget-text-editor\" data-id=\"295fbb7c\" data-element_type=\"widget\" data-widget_type=\"text-editor.default\">\n\t\t\t\t\t\t\t\t\tOur clinics are equipped with modern medical facilities and are managed by highly qualified veterinary professionals. Examinations, diagnostics, treatments, surgical operations, and preventive care services are all performed in accordance with international veterinary standards. In addition, a wide range of services\u2014from routine check-ups to emergency interventions\u2014are provided to meet the diverse needs of animal owners.\t\t\t\t\t\t\t\t<\/div>\n\t\t\t\t<div class=\"elementor-element elementor-element-442cb89 elementor-widget elementor-widget-text-editor\" data-id=\"442cb89\" data-element_type=\"widget\" data-widget_type=\"text-editor.default\">\n\t\t\t\t\t\t\t\t\t<p>For Venus Livestock, veterinary clinics are not merely a commercial activity but an integral part of its mission to prioritize animal health and welfare. <strong>Accordingly, the services provided in our clinics are guided by ethical values,<\/strong>animal welfare principles, and science-based practices.<\/p>\t\t\t\t\t\t\t\t<\/div>\n\t\t\t\t\t<\/div>\n\t\t<\/div>\n\t\t\t\t<div class=\"elementor-column elementor-col-50 elementor-inner-column elementor-element elementor-element-5feb6b51\" data-id=\"5feb6b51\" data-element_type=\"column\">\n\t\t\t<div class=\"elementor-widget-wrap elementor-element-populated\">\n\t\t\t\t\t\t<div class=\"elementor-element elementor-element-66657f1 elementor-widget elementor-widget-image\" data-id=\"66657f1\" data-element_type=\"widget\" data-widget_type=\"image.default\">\n\t\t\t\t\t\t\t\t\t\t\t\t\t\t\t<img fetchpriority=\"high\" decoding=\"async\" width=\"800\" height=\"413\" src=\"https:\/\/venusveteriner.com\/wp-content\/uploads\/2025\/08\/WhatsApp-Image-2025-08-19-at-15.03.23-1024x529.jpeg\" class=\"attachment-large size-large wp-image-651\" alt=\"\" srcset=\"https:\/\/venusveteriner.com\/wp-content\/uploads\/2025\/08\/WhatsApp-Image-2025-08-19-at-15.03.23-1024x529.jpeg 1024w, https:\/\/venusveteriner.com\/wp-content\/uploads\/2025\/08\/WhatsApp-Image-2025-08-19-at-15.03.23-300x155.jpeg 300w, https:\/\/venusveteriner.com\/wp-content\/uploads\/2025\/08\/WhatsApp-Image-2025-08-19-at-15.03.23-768x397.jpeg 768w, https:\/\/venusveteriner.com\/wp-content\/uploads\/2025\/08\/WhatsApp-Image-2025-08-19-at-15.03.23.jpeg 1290w\" sizes=\"(max-width: 800px) 100vw, 800px\" \/>\t\t\t\t\t\t\t\t\t\t\t\t\t\t\t<\/div>\n\t\t\t\t\t<\/div>\n\t\t<\/div>\n\t\t\t\t\t<\/div>\n\t\t<\/section>\n\t\t\t\t<div class=\"elementor-element elementor-element-458b894 elementor-widget elementor-widget-text-editor\" data-id=\"458b894\" data-element_type=\"widget\" data-widget_type=\"text-editor.default\">\n\t\t\t\t\t\t\t\t\t<p><em><strong>Our clinics in Istanbul and Ankara<\/strong> serve both pet owners and livestock producers in their respective regions, <b>complementing the diverse <\/b>activities of our company in the livestock sector.<\/em><\/p>\t\t\t\t\t\t\t\t<\/div>\n\t\t\t\t<div class=\"elementor-element elementor-element-a48a564 elementor-widget elementor-widget-text-editor\" data-id=\"a48a564\" data-element_type=\"widget\" data-widget_type=\"text-editor.default\">\n\t\t\t\t\t\t\t\t\t<p><em><strong>Through its veterinary clinics,<\/strong>Venus Livestock reinforces its commitment to sustainability and reliability across all areas of livestock farming, continuing to add value for its partners, producers, and animal owners.<\/em><\/p>\t\t\t\t\t\t\t\t<\/div>\n\t\t\t\t\t<\/div>\n\t\t<\/div>\n\t\t\t\t\t<\/div>\n\t\t<\/section>\n\t\t\t\t<section class=\"elementor-section elementor-top-section elementor-element elementor-element-270ac871 elementor-section-content-middle elementor-section-boxed elementor-section-height-default elementor-section-height-default\" data-id=\"270ac871\" data-element_type=\"section\">\n\t\t\t\t\t\t<div class=\"elementor-container elementor-column-gap-default\">\n\t\t\t\t\t<div class=\"elementor-column elementor-col-25 elementor-top-column elementor-element elementor-element-ebe1cbf\" data-id=\"ebe1cbf\" data-element_type=\"column\" data-settings=\"{&quot;background_background&quot;:&quot;classic&quot;}\">\n\t\t\t<div class=\"elementor-widget-wrap elementor-element-populated\">\n\t\t\t\t\t\t<div class=\"elementor-element elementor-element-653280d elementor-align-center elementor-widget elementor-widget-button\" data-id=\"653280d\" data-element_type=\"widget\" data-widget_type=\"button.default\">\n\t\t\t\t\t\t\t\t\t\t<a class=\"elementor-button elementor-button-link elementor-size-sm\" href=\"#\">\n\t\t\t\t\t\t<span class=\"elementor-button-content-wrapper\">\n\t\t\t\t\t\t\t\t\t<span class=\"elementor-button-text\">VEN\u00dcS VETER\u0130NER KL\u0130N\u0130\u011e\u0130<\/span>\n\t\t\t\t\t<\/span>\n\t\t\t\t\t<\/a>\n\t\t\t\t\t\t\t\t<\/div>\n\t\t\t\t<div class=\"elementor-element elementor-element-bc3720c elementor-widget elementor-widget-google_maps\" data-id=\"bc3720c\" data-element_type=\"widget\" data-widget_type=\"google_maps.default\">\n\t\t\t\t\t\t\t<div class=\"elementor-custom-embed\">\n\t\t\t<iframe loading=\"lazy\"\n\t\t\t\t\tsrc=\"https:\/\/maps.google.com\/maps?q=VENUS%20VETER%C4%B0NER&#038;t=m&#038;z=15&#038;output=embed&#038;iwloc=near\"\n\t\t\t\t\ttitle=\"VENUS VETER\u0130NER\"\n\t\t\t\t\taria-label=\"VENUS VETER\u0130NER\"\n\t\t\t><\/iframe>\n\t\t<\/div>\n\t\t\t\t\t\t<\/div>\n\t\t\t\t\t<\/div>\n\t\t<\/div>\n\t\t\t\t<div class=\"elementor-column elementor-col-25 elementor-top-column elementor-element elementor-element-4073c09\" data-id=\"4073c09\" data-element_type=\"column\" data-settings=\"{&quot;background_background&quot;:&quot;classic&quot;}\">\n\t\t\t<div class=\"elementor-widget-wrap elementor-element-populated\">\n\t\t\t\t\t\t<div class=\"elementor-element elementor-element-dad95ac elementor-align-center elementor-widget elementor-widget-button\" data-id=\"dad95ac\" data-element_type=\"widget\" data-widget_type=\"button.default\">\n\t\t\t\t\t\t\t\t\t\t<a class=\"elementor-button elementor-button-link elementor-size-sm\" href=\"#\">\n\t\t\t\t\t\t<span class=\"elementor-button-content-wrapper\">\n\t\t\t\t\t\t\t\t\t<span class=\"elementor-button-text\">META VETER\u0130NER KL\u0130N\u0130\u011e\u0130<\/span>\n\t\t\t\t\t<\/span>\n\t\t\t\t\t<\/a>\n\t\t\t\t\t\t\t\t<\/div>\n\t\t\t\t<div class=\"elementor-element elementor-element-ab4ae86 elementor-widget elementor-widget-google_maps\" data-id=\"ab4ae86\" data-element_type=\"widget\" data-widget_type=\"google_maps.default\">\n\t\t\t\t\t\t\t<div class=\"elementor-custom-embed\">\n\t\t\t<iframe loading=\"lazy\"\n\t\t\t\t\tsrc=\"https:\/\/maps.google.com\/maps?q=meta%20veteriner%20avc%C4%B1lar&#038;t=m&#038;z=13&#038;output=embed&#038;iwloc=near\"\n\t\t\t\t\ttitle=\"meta veteriner avc\u0131lar\"\n\t\t\t\t\taria-label=\"meta veteriner avc\u0131lar\"\n\t\t\t><\/iframe>\n\t\t<\/div>\n\t\t\t\t\t\t<\/div>\n\t\t\t\t\t<\/div>\n\t\t<\/div>\n\t\t\t\t<div class=\"elementor-column elementor-col-25 elementor-top-column elementor-element elementor-element-53632be\" data-id=\"53632be\" data-element_type=\"column\" data-settings=\"{&quot;background_background&quot;:&quot;classic&quot;}\">\n\t\t\t<div class=\"elementor-widget-wrap elementor-element-populated\">\n\t\t\t\t\t\t<div class=\"elementor-element elementor-element-0797a50 elementor-align-center elementor-widget elementor-widget-button\" data-id=\"0797a50\" data-element_type=\"widget\" data-widget_type=\"button.default\">\n\t\t\t\t\t\t\t\t\t\t<a class=\"elementor-button elementor-button-link elementor-size-sm\" href=\"#\">\n\t\t\t\t\t\t<span class=\"elementor-button-content-wrapper\">\n\t\t\t\t\t\t\t\t\t<span class=\"elementor-button-text\">5. LEVENT VETER\u0130NER KL\u0130N\u0130\u011e\u0130<\/span>\n\t\t\t\t\t<\/span>\n\t\t\t\t\t<\/a>\n\t\t\t\t\t\t\t\t<\/div>\n\t\t\t\t<div class=\"elementor-element elementor-element-f4279b4 elementor-widget elementor-widget-google_maps\" data-id=\"f4279b4\" data-element_type=\"widget\" data-widget_type=\"google_maps.default\">\n\t\t\t\t\t\t\t<div class=\"elementor-custom-embed\">\n\t\t\t<iframe loading=\"lazy\"\n\t\t\t\t\tsrc=\"https:\/\/maps.google.com\/maps?q=5.%20LEVENT%20VETER&#038;t=m&#038;z=15&#038;output=embed&#038;iwloc=near\"\n\t\t\t\t\ttitle=\"5. LEVENT VETER\"\n\t\t\t\t\taria-label=\"5. LEVENT VETER\"\n\t\t\t><\/iframe>\n\t\t<\/div>\n\t\t\t\t\t\t<\/div>\n\t\t\t\t\t<\/div>\n\t\t<\/div>\n\t\t\t\t<div class=\"elementor-column elementor-col-25 elementor-top-column elementor-element elementor-element-3e7e773\" data-id=\"3e7e773\" data-element_type=\"column\" data-settings=\"{&quot;background_background&quot;:&quot;classic&quot;}\">\n\t\t\t<div class=\"elementor-widget-wrap elementor-element-populated\">\n\t\t\t\t\t\t<div class=\"elementor-element elementor-element-2deb497 elementor-align-center elementor-widget elementor-widget-button\" data-id=\"2deb497\" data-element_type=\"widget\" data-widget_type=\"button.default\">\n\t\t\t\t\t\t\t\t\t\t<a class=\"elementor-button elementor-button-link elementor-size-sm\" href=\"#\">\n\t\t\t\t\t\t<span class=\"elementor-button-content-wrapper\">\n\t\t\t\t\t\t\t\t\t<span class=\"elementor-button-text\">ZAYKA AT PET VETER\u0130NER KL\u0130N\u0130\u011e\u0130<\/span>\n\t\t\t\t\t<\/span>\n\t\t\t\t\t<\/a>\n\t\t\t\t\t\t\t\t<\/div>\n\t\t\t\t<div class=\"elementor-element elementor-element-713a5ac elementor-widget elementor-widget-google_maps\" data-id=\"713a5ac\" data-element_type=\"widget\" data-widget_type=\"google_maps.default\">\n\t\t\t\t\t\t\t<div class=\"elementor-custom-embed\">\n\t\t\t<iframe loading=\"lazy\"\n\t\t\t\t\tsrc=\"https:\/\/maps.google.com\/maps?q=ZAYKA%20AT%20PET%20VETER%C4%B0NER%20KL%C4%B0N%C4%B0%C4%9E%C4%B0%20ANKARA&#038;t=m&#038;z=14&#038;output=embed&#038;iwloc=near\"\n\t\t\t\t\ttitle=\"ZAYKA AT PET VETER\u0130NER KL\u0130N\u0130\u011e\u0130 ANKARA\"\n\t\t\t\t\taria-label=\"ZAYKA AT PET VETER\u0130NER KL\u0130N\u0130\u011e\u0130 ANKARA\"\n\t\t\t><\/iframe>\n\t\t<\/div>\n\t\t\t\t\t\t<\/div>\n\t\t\t\t\t<\/div>\n\t\t<\/div>\n\t\t\t\t\t<\/div>\n\t\t<\/section>\n\t\t\t\t<\/div>","protected":false},"excerpt":{"rendered":"<p>Veteriner Klinikleri Anasayfa Veteriner Klinikleri Ven\u00fcs Hayvanc\u0131l\u0131k, uluslararas\u0131 hayvanc\u0131l\u0131k ve lojistik faaliyetlerinin yan\u0131 s\u0131ra veteriner sa\u011fl\u0131k hizmetleri alan\u0131nda da etkin bir \u015fekilde faaliyet g\u00f6stermektedir. \u015eirket b\u00fcnyesinde faaliyet g\u00f6steren 3\u2019\u00fc \u0130stanbul\u2019da, 1\u2019i Ankara\u2019da olmak \u00fczere toplam 4 veteriner klini\u011fi, hayvan sa\u011fl\u0131\u011f\u0131na y\u00f6nelik kapsaml\u0131 ve g\u00fcvenilir hizmetler sunmaktad\u0131r. Kliniklerimiz, modern t\u0131bbi donan\u0131mlarla donat\u0131lm\u0131\u015f olup, alan\u0131nda uzman veteriner [&hellip;]<\/p>","protected":false},"author":1,"featured_media":0,"parent":0,"menu_order":0,"comment_status":"closed","ping_status":"closed","template":"elementor_header_footer","meta":{"footnotes":""},"class_list":["post-237","page","type-page","status-publish","hentry"],"_links":{"self":[{"href":"https:\/\/venusveteriner.com\/en\/wp-json\/wp\/v2\/pages\/237","targetHints":{"allow":["GET"]}}],"collection":[{"href":"https:\/\/venusveteriner.com\/en\/wp-json\/wp\/v2\/pages"}],"about":[{"href":"https:\/\/venusveteriner.com\/en\/wp-json\/wp\/v2\/types\/page"}],"author":[{"embeddable":true,"href":"https:\/\/venusveteriner.com\/en\/wp-json\/wp\/v2\/users\/1"}],"replies":[{"embeddable":true,"href":"https:\/\/venusveteriner.com\/en\/wp-json\/wp\/v2\/comments?post=237"}],"version-history":[{"count":61,"href":"https:\/\/venusveteriner.com\/en\/wp-json\/wp\/v2\/pages\/237\/revisions"}],"predecessor-version":[{"id":786,"href":"https:\/\/venusveteriner.com\/en\/wp-json\/wp\/v2\/pages\/237\/revisions\/786"}],"wp:attachment":[{"href":"https:\/\/venusveteriner.com\/en\/wp-json\/wp\/v2\/media?parent=237"}],"curies":[{"name":"wp","href":"https:\/\/api.w.org\/{rel}","templated":true}]}}