{"id":626,"date":"2025-08-19T11:58:23","date_gmt":"2025-08-19T11:58:23","guid":{"rendered":"https:\/\/venusveteriner.com\/?page_id=626"},"modified":"2025-08-27T09:19:56","modified_gmt":"2025-08-27T09:19:56","slug":"besi-ve-kesim-amacli-sigir-ticareti","status":"publish","type":"page","link":"https:\/\/venusveteriner.com\/en\/hayvancilik\/besi-ve-kesim-amacli-sigir-ticareti\/","title":{"rendered":"Fattening and Slaughter Cattle Trade"},"content":{"rendered":"<div data-elementor-type=\"wp-page\" data-elementor-id=\"626\" class=\"elementor elementor-626\">\n\t\t\t\t\t\t<section class=\"elementor-section elementor-top-section elementor-element elementor-element-5aa7967 elementor-reverse-tablet elementor-reverse-mobile elementor-section-boxed elementor-section-height-default elementor-section-height-default\" data-id=\"5aa7967\" data-element_type=\"section\" data-settings=\"{&quot;background_background&quot;:&quot;classic&quot;}\">\n\t\t\t\t\t\t\t<div class=\"elementor-background-overlay\"><\/div>\n\t\t\t\t\t\t\t<div class=\"elementor-container elementor-column-gap-default\">\n\t\t\t\t\t<div class=\"elementor-column elementor-col-100 elementor-top-column elementor-element elementor-element-5a61525\" data-id=\"5a61525\" data-element_type=\"column\">\n\t\t\t<div class=\"elementor-widget-wrap elementor-element-populated\">\n\t\t\t\t\t\t<div class=\"elementor-element elementor-element-79b8eaf elementor-widget elementor-widget-heading\" data-id=\"79b8eaf\" data-element_type=\"widget\" data-widget_type=\"heading.default\">\n\t\t\t\t\t<h1 class=\"elementor-heading-title elementor-size-default\">Fattening and Slaughter Cattle Trade<\/h1>\t\t\t\t<\/div>\n\t\t\t\t<div class=\"elementor-element elementor-element-32736c2 elementor-align-center elementor-icon-list--layout-inline elementor-mobile-align-center elementor-list-item-link-full_width elementor-widget elementor-widget-icon-list\" data-id=\"32736c2\" data-element_type=\"widget\" data-widget_type=\"icon-list.default\">\n\t\t\t\t\t\t\t<ul class=\"elementor-icon-list-items elementor-inline-items\">\n\t\t\t\t\t\t\t<li class=\"elementor-icon-list-item elementor-inline-item\">\n\t\t\t\t\t\t\t\t\t\t<span class=\"elementor-icon-list-text\">Home<\/span>\n\t\t\t\t\t\t\t\t\t<\/li>\n\t\t\t\t\t\t\t\t<li class=\"elementor-icon-list-item elementor-inline-item\">\n\t\t\t\t\t\t\t\t\t\t\t<span class=\"elementor-icon-list-icon\">\n\t\t\t\t\t\t\t<svg aria-hidden=\"true\" class=\"e-font-icon-svg e-fas-chevron-right\" viewbox=\"0 0 320 512\" xmlns=\"http:\/\/www.w3.org\/2000\/svg\"><path d=\"M285.476 272.971L91.132 467.314c-9.373 9.373-24.569 9.373-33.941 0l-22.667-22.667c-9.357-9.357-9.375-24.522-.04-33.901L188.505 256 34.484 101.255c-9.335-9.379-9.317-24.544.04-33.901l22.667-22.667c9.373-9.373 24.569-9.373 33.941 0L285.475 239.03c9.373 9.372 9.373 24.568.001 33.941z\"><\/path><\/svg>\t\t\t\t\t\t<\/span>\n\t\t\t\t\t\t\t\t\t\t<span class=\"elementor-icon-list-text\">Fattening and Slaughter Cattle Trade<\/span>\n\t\t\t\t\t\t\t\t\t<\/li>\n\t\t\t\t\t\t<\/ul>\n\t\t\t\t\t\t<\/div>\n\t\t\t\t\t<\/div>\n\t\t<\/div>\n\t\t\t\t\t<\/div>\n\t\t<\/section>\n\t\t<div class=\"elementor-element elementor-element-8aa0009 e-flex e-con-boxed e-con e-parent\" data-id=\"8aa0009\" data-element_type=\"container\">\n\t\t\t\t\t<div class=\"e-con-inner\">\n\t\t<div class=\"elementor-element elementor-element-22e2b9b e-con-full e-flex e-con e-child\" data-id=\"22e2b9b\" data-element_type=\"container\">\n\t\t\t\t<div class=\"elementor-element elementor-element-0b35b82 elementor-widget elementor-widget-heading\" data-id=\"0b35b82\" data-element_type=\"widget\" data-widget_type=\"heading.default\">\n\t\t\t\t\t<h2 class=\"elementor-heading-title elementor-size-default\">Fattening and Slaughter Cattle Trade<\/h2>\t\t\t\t<\/div>\n\t\t\t\t<div class=\"elementor-element elementor-element-4996a8a elementor-widget elementor-widget-text-editor\" data-id=\"4996a8a\" data-element_type=\"widget\" data-widget_type=\"text-editor.default\">\n\t\t\t\t\t\t\t\t\t<h5>High quality \u2013 wide product range \u2013 international logistics<\/h5>\t\t\t\t\t\t\t\t<\/div>\n\t\t\t\t<div class=\"elementor-element elementor-element-bd7ccb6 elementor-widget elementor-widget-text-editor\" data-id=\"bd7ccb6\" data-element_type=\"widget\" data-widget_type=\"text-editor.default\">\n\t\t\t\t\t\t\t\t\t<p>Venus Livestock offers a reliable, one-stop solution for the purchase of young cattle for fattening or mature animals for slaughter. Our mission is to fully meet the needs of customers of all scales and to provide services with a variety that makes a difference in the industry.<\/p>\t\t\t\t\t\t\t\t<\/div>\n\t\t\t\t<\/div>\n\t\t\t\t\t<\/div>\n\t\t\t\t<\/div>\n\t\t\t\t<section class=\"elementor-section elementor-top-section elementor-element elementor-element-6302945b elementor-section-content-middle elementor-section-boxed elementor-section-height-default elementor-section-height-default\" data-id=\"6302945b\" data-element_type=\"section\">\n\t\t\t\t\t\t<div class=\"elementor-container elementor-column-gap-default\">\n\t\t\t\t\t<div class=\"elementor-column elementor-col-50 elementor-top-column elementor-element elementor-element-169ada0\" data-id=\"169ada0\" data-element_type=\"column\">\n\t\t\t<div class=\"elementor-widget-wrap elementor-element-populated\">\n\t\t\t\t\t\t<div class=\"elementor-element elementor-element-25bf427 elementor-widget elementor-widget-image\" data-id=\"25bf427\" data-element_type=\"widget\" data-widget_type=\"image.default\">\n\t\t\t\t\t\t\t\t\t\t\t\t\t\t\t<img fetchpriority=\"high\" decoding=\"async\" width=\"800\" height=\"450\" src=\"https:\/\/venusveteriner.com\/wp-content\/uploads\/2025\/08\/ss-1024x576.jpg\" class=\"attachment-large size-large wp-image-724\" alt=\"\" srcset=\"https:\/\/venusveteriner.com\/wp-content\/uploads\/2025\/08\/ss-1024x576.jpg 1024w, https:\/\/venusveteriner.com\/wp-content\/uploads\/2025\/08\/ss-300x169.jpg 300w, https:\/\/venusveteriner.com\/wp-content\/uploads\/2025\/08\/ss-768x432.jpg 768w, https:\/\/venusveteriner.com\/wp-content\/uploads\/2025\/08\/ss.jpg 1280w\" sizes=\"(max-width: 800px) 100vw, 800px\" \/>\t\t\t\t\t\t\t\t\t\t\t\t\t\t\t<\/div>\n\t\t\t\t\t<\/div>\n\t\t<\/div>\n\t\t\t\t<div class=\"elementor-column elementor-col-50 elementor-top-column elementor-element elementor-element-55328b2a\" data-id=\"55328b2a\" data-element_type=\"column\">\n\t\t\t<div class=\"elementor-widget-wrap elementor-element-populated\">\n\t\t\t\t\t\t<div class=\"elementor-element elementor-element-8fc88b1 elementor-widget elementor-widget-text-editor\" data-id=\"8fc88b1\" data-element_type=\"widget\" data-widget_type=\"text-editor.default\">\n\t\t\t\t\t\t\t\t\t<h5>Procurement and farm management<\/h5>\t\t\t\t\t\t\t\t<\/div>\n\t\t\t\t<div class=\"elementor-element elementor-element-51bc1cab elementor-widget elementor-widget-text-editor\" data-id=\"51bc1cab\" data-element_type=\"widget\" data-widget_type=\"text-editor.default\">\n\t\t\t\t\t\t\t\t\t<p>Our activities are not limited to sales; they also include sustainable procurement. Our strength comes from relying on the high-quality livestock of our own farms, while continuously renewing our stock through regular purchases from breeders. This enables us to consistently supply reliable, healthy, and high-yielding cattle to our customers.<\/p>\t\t\t\t\t\t\t\t<\/div>\n\t\t\t\t\t<\/div>\n\t\t<\/div>\n\t\t\t\t\t<\/div>\n\t\t<\/section>\n\t\t\t\t<\/div>","protected":false},"excerpt":{"rendered":"<p>Besi ve Kesim Ama\u00e7l\u0131 S\u0131\u011f\u0131r Ticareti Anasayfa Besi ve Kesim Ama\u00e7l\u0131 S\u0131\u011f\u0131r Ticareti Besi ve Kesim Ama\u00e7l\u0131 S\u0131\u011f\u0131r Ticareti Y\u00fcksek kalite \u2013 geni\u015f \u00fcr\u00fcn gam\u0131 \u2013 uluslararas\u0131 lojistik Ven\u00fcs Hayvanc\u0131l\u0131k, besi i\u00e7in gen\u00e7 s\u0131\u011f\u0131r ya da kesim i\u00e7in haz\u0131r hayvan al\u0131mlar\u0131nda g\u00fcvenilir ve tek noktadan \u00e7\u00f6z\u00fcm sunar. Misyonumuz, her \u00f6l\u00e7ekteki m\u00fc\u015fterimizin ihtiya\u00e7lar\u0131n\u0131 eksiksiz kar\u015f\u0131lamak ve [&hellip;]<\/p>","protected":false},"author":1,"featured_media":0,"parent":215,"menu_order":0,"comment_status":"closed","ping_status":"closed","template":"elementor_header_footer","meta":{"footnotes":""},"class_list":["post-626","page","type-page","status-publish","hentry"],"_links":{"self":[{"href":"https:\/\/venusveteriner.com\/en\/wp-json\/wp\/v2\/pages\/626","targetHints":{"allow":["GET"]}}],"collection":[{"href":"https:\/\/venusveteriner.com\/en\/wp-json\/wp\/v2\/pages"}],"about":[{"href":"https:\/\/venusveteriner.com\/en\/wp-json\/wp\/v2\/types\/page"}],"author":[{"embeddable":true,"href":"https:\/\/venusveteriner.com\/en\/wp-json\/wp\/v2\/users\/1"}],"replies":[{"embeddable":true,"href":"https:\/\/venusveteriner.com\/en\/wp-json\/wp\/v2\/comments?post=626"}],"version-history":[{"count":19,"href":"https:\/\/venusveteriner.com\/en\/wp-json\/wp\/v2\/pages\/626\/revisions"}],"predecessor-version":[{"id":765,"href":"https:\/\/venusveteriner.com\/en\/wp-json\/wp\/v2\/pages\/626\/revisions\/765"}],"up":[{"embeddable":true,"href":"https:\/\/venusveteriner.com\/en\/wp-json\/wp\/v2\/pages\/215"}],"wp:attachment":[{"href":"https:\/\/venusveteriner.com\/en\/wp-json\/wp\/v2\/media?parent=626"}],"curies":[{"name":"wp","href":"https:\/\/api.w.org\/{rel}","templated":true}]}}