{"id":627,"date":"2025-08-19T11:58:36","date_gmt":"2025-08-19T11:58:36","guid":{"rendered":"https:\/\/venusveteriner.com\/?page_id=627"},"modified":"2025-08-27T09:20:24","modified_gmt":"2025-08-27T09:20:24","slug":"yaris-ve-binek-ati-ticareti","status":"publish","type":"page","link":"https:\/\/venusveteriner.com\/en\/hayvancilik\/yaris-ve-binek-ati-ticareti\/","title":{"rendered":"Racing and Riding Horse Trade"},"content":{"rendered":"<div data-elementor-type=\"wp-page\" data-elementor-id=\"627\" class=\"elementor elementor-627\">\n\t\t\t\t\t\t<section class=\"elementor-section elementor-top-section elementor-element elementor-element-5aa7967 elementor-reverse-tablet elementor-reverse-mobile elementor-section-boxed elementor-section-height-default elementor-section-height-default\" data-id=\"5aa7967\" data-element_type=\"section\" data-settings=\"{&quot;background_background&quot;:&quot;classic&quot;}\">\n\t\t\t\t\t\t\t<div class=\"elementor-background-overlay\"><\/div>\n\t\t\t\t\t\t\t<div class=\"elementor-container elementor-column-gap-default\">\n\t\t\t\t\t<div class=\"elementor-column elementor-col-100 elementor-top-column elementor-element elementor-element-5a61525\" data-id=\"5a61525\" data-element_type=\"column\">\n\t\t\t<div class=\"elementor-widget-wrap elementor-element-populated\">\n\t\t\t\t\t\t<div class=\"elementor-element elementor-element-79b8eaf elementor-widget elementor-widget-heading\" data-id=\"79b8eaf\" data-element_type=\"widget\" data-widget_type=\"heading.default\">\n\t\t\t\t\t<h1 class=\"elementor-heading-title elementor-size-default\">Racing and Riding Horse Trade<\/h1>\t\t\t\t<\/div>\n\t\t\t\t<div class=\"elementor-element elementor-element-32736c2 elementor-align-center elementor-icon-list--layout-inline elementor-mobile-align-center elementor-list-item-link-full_width elementor-widget elementor-widget-icon-list\" data-id=\"32736c2\" data-element_type=\"widget\" data-widget_type=\"icon-list.default\">\n\t\t\t\t\t\t\t<ul class=\"elementor-icon-list-items elementor-inline-items\">\n\t\t\t\t\t\t\t<li class=\"elementor-icon-list-item elementor-inline-item\">\n\t\t\t\t\t\t\t\t\t\t<span class=\"elementor-icon-list-text\">Home<\/span>\n\t\t\t\t\t\t\t\t\t<\/li>\n\t\t\t\t\t\t\t\t<li class=\"elementor-icon-list-item elementor-inline-item\">\n\t\t\t\t\t\t\t\t\t\t\t<span class=\"elementor-icon-list-icon\">\n\t\t\t\t\t\t\t<svg aria-hidden=\"true\" class=\"e-font-icon-svg e-fas-chevron-right\" viewbox=\"0 0 320 512\" xmlns=\"http:\/\/www.w3.org\/2000\/svg\"><path d=\"M285.476 272.971L91.132 467.314c-9.373 9.373-24.569 9.373-33.941 0l-22.667-22.667c-9.357-9.357-9.375-24.522-.04-33.901L188.505 256 34.484 101.255c-9.335-9.379-9.317-24.544.04-33.901l22.667-22.667c9.373-9.373 24.569-9.373 33.941 0L285.475 239.03c9.373 9.372 9.373 24.568.001 33.941z\"><\/path><\/svg>\t\t\t\t\t\t<\/span>\n\t\t\t\t\t\t\t\t\t\t<span class=\"elementor-icon-list-text\">Racing and Riding Horse Trade<\/span>\n\t\t\t\t\t\t\t\t\t<\/li>\n\t\t\t\t\t\t<\/ul>\n\t\t\t\t\t\t<\/div>\n\t\t\t\t\t<\/div>\n\t\t<\/div>\n\t\t\t\t\t<\/div>\n\t\t<\/section>\n\t\t\t\t<section class=\"elementor-section elementor-top-section elementor-element elementor-element-13fac55 elementor-section-content-middle elementor-section-boxed elementor-section-height-default elementor-section-height-default\" data-id=\"13fac55\" data-element_type=\"section\">\n\t\t\t\t\t\t<div class=\"elementor-container elementor-column-gap-default\">\n\t\t\t\t\t<div class=\"elementor-column elementor-col-50 elementor-top-column elementor-element elementor-element-c9af406\" data-id=\"c9af406\" data-element_type=\"column\">\n\t\t\t<div class=\"elementor-widget-wrap elementor-element-populated\">\n\t\t\t\t\t\t<div class=\"elementor-element elementor-element-0b82fba elementor-widget elementor-widget-heading\" data-id=\"0b82fba\" data-element_type=\"widget\" data-widget_type=\"heading.default\">\n\t\t\t\t\t<h2 class=\"elementor-heading-title elementor-size-default\">Racing and Riding Horse Trade<\/h2>\t\t\t\t<\/div>\n\t\t\t\t<div class=\"elementor-element elementor-element-f2d7f80 elementor-widget elementor-widget-text-editor\" data-id=\"f2d7f80\" data-element_type=\"widget\" data-widget_type=\"text-editor.default\">\n\t\t\t\t\t\t\t\t\t<p>Venus Livestock is a trusted partner in the supply of racing and riding horses. Our goal is to provide the highest standards of service to both the professional racing world and hobby riders.<\/p>\t\t\t\t\t\t\t\t<\/div>\n\t\t\t\t<div class=\"elementor-element elementor-element-8a8dcda elementor-widget elementor-widget-text-editor\" data-id=\"8a8dcda\" data-element_type=\"widget\" data-widget_type=\"text-editor.default\">\n\t\t\t\t\t\t\t\t\t<h5>High quality and elite breeds<\/h5>\t\t\t\t\t\t\t\t<\/div>\n\t\t\t\t<div class=\"elementor-element elementor-element-55f5174 elementor-widget elementor-widget-text-editor\" data-id=\"55f5174\" data-element_type=\"widget\" data-widget_type=\"text-editor.default\">\n\t\t\t\t\t\t\t\t\t<p>Our racing horses are carefully selected from elite bloodlines known for their speed and endurance, while our riding horses are chosen for their safety, health, and trainable character. This ensures our clients find the horse best suited to their needs.<\/p>\t\t\t\t\t\t\t\t<\/div>\n\t\t\t\t<div class=\"elementor-element elementor-element-b9c2816 elementor-widget elementor-widget-text-editor\" data-id=\"b9c2816\" data-element_type=\"widget\" data-widget_type=\"text-editor.default\">\n\t\t\t\t\t\t\t\t\t<h5>International supply and logistics<\/h5>\t\t\t\t\t\t\t\t<\/div>\n\t\t\t\t<div class=\"elementor-element elementor-element-adf0147 elementor-widget elementor-widget-text-editor\" data-id=\"adf0147\" data-element_type=\"widget\" data-widget_type=\"text-editor.default\">\n\t\t\t\t\t\t\t\t\t<p>We prioritize animal welfare during transportation and provide safe transport services that meet international standards. Thanks to our strong connections across Europe and the Middle East, we offer our customers a wide range of options.<\/p>\t\t\t\t\t\t\t\t<\/div>\n\t\t\t\t<div class=\"elementor-element elementor-element-553475b elementor-widget elementor-widget-text-editor\" data-id=\"553475b\" data-element_type=\"widget\" data-widget_type=\"text-editor.default\">\n\t\t\t\t\t\t\t\t\t<h5>After-sales support<\/h5>\t\t\t\t\t\t\t\t<\/div>\n\t\t\t\t<div class=\"elementor-element elementor-element-ace3d87 elementor-widget elementor-widget-text-editor\" data-id=\"ace3d87\" data-element_type=\"widget\" data-widget_type=\"text-editor.default\">\n\t\t\t\t\t\t\t\t\t<p>To help horses adapt easily to their new environments, we provide professional consultancy and after-sales follow-up services starting from the selection stage.<\/p>\t\t\t\t\t\t\t\t<\/div>\n\t\t\t\t\t<\/div>\n\t\t<\/div>\n\t\t\t\t<div class=\"elementor-column elementor-col-50 elementor-top-column elementor-element elementor-element-ec4d848\" data-id=\"ec4d848\" data-element_type=\"column\" data-settings=\"{&quot;background_background&quot;:&quot;classic&quot;}\">\n\t\t\t<div class=\"elementor-widget-wrap elementor-element-populated\">\n\t\t\t\t\t\t<div class=\"elementor-element elementor-element-4734dfa elementor-widget elementor-widget-image\" data-id=\"4734dfa\" data-element_type=\"widget\" data-widget_type=\"image.default\">\n\t\t\t\t\t\t\t\t\t\t\t\t\t\t\t<img fetchpriority=\"high\" decoding=\"async\" width=\"798\" height=\"1024\" src=\"https:\/\/venusveteriner.com\/wp-content\/uploads\/2025\/08\/10647748-798x1024.png\" class=\"attachment-large size-large wp-image-540\" alt=\"\" srcset=\"https:\/\/venusveteriner.com\/wp-content\/uploads\/2025\/08\/10647748-798x1024.png 798w, https:\/\/venusveteriner.com\/wp-content\/uploads\/2025\/08\/10647748-234x300.png 234w, https:\/\/venusveteriner.com\/wp-content\/uploads\/2025\/08\/10647748-768x985.png 768w, https:\/\/venusveteriner.com\/wp-content\/uploads\/2025\/08\/10647748.png 891w\" sizes=\"(max-width: 798px) 100vw, 798px\" \/>\t\t\t\t\t\t\t\t\t\t\t\t\t\t\t<\/div>\n\t\t\t\t\t<\/div>\n\t\t<\/div>\n\t\t\t\t\t<\/div>\n\t\t<\/section>\n\t\t\t\t<\/div>","protected":false},"excerpt":{"rendered":"<p>Yar\u0131\u015f ve Binek At\u0131 Ticareti Anasayfa Yar\u0131\u015f ve Binek At\u0131 Ticareti Yar\u0131\u015f ve Binek At\u0131 Ticareti Ven\u00fcs Hayvanc\u0131l\u0131k, yar\u0131\u015f at\u0131 ve binek at\u0131 tedarikinde g\u00fcvenilir bir \u00e7\u00f6z\u00fcm orta\u011f\u0131d\u0131r. Amac\u0131m\u0131z, hem profesyonel yar\u0131\u015f\u00e7\u0131l\u0131k d\u00fcnyas\u0131na hem de hobi ama\u00e7l\u0131 binicili\u011fe en y\u00fcksek standartlarda hizmet sunmakt\u0131r. Y\u00fcksek kalite ve se\u00e7kin \u0131rklar Yar\u0131\u015f atlar\u0131m\u0131z, h\u0131z ve dayan\u0131kl\u0131l\u0131\u011f\u0131yla \u00f6ne \u00e7\u0131kan [&hellip;]<\/p>","protected":false},"author":1,"featured_media":0,"parent":215,"menu_order":0,"comment_status":"closed","ping_status":"closed","template":"elementor_header_footer","meta":{"footnotes":""},"class_list":["post-627","page","type-page","status-publish","hentry"],"_links":{"self":[{"href":"https:\/\/venusveteriner.com\/en\/wp-json\/wp\/v2\/pages\/627","targetHints":{"allow":["GET"]}}],"collection":[{"href":"https:\/\/venusveteriner.com\/en\/wp-json\/wp\/v2\/pages"}],"about":[{"href":"https:\/\/venusveteriner.com\/en\/wp-json\/wp\/v2\/types\/page"}],"author":[{"embeddable":true,"href":"https:\/\/venusveteriner.com\/en\/wp-json\/wp\/v2\/users\/1"}],"replies":[{"embeddable":true,"href":"https:\/\/venusveteriner.com\/en\/wp-json\/wp\/v2\/comments?post=627"}],"version-history":[{"count":10,"href":"https:\/\/venusveteriner.com\/en\/wp-json\/wp\/v2\/pages\/627\/revisions"}],"predecessor-version":[{"id":768,"href":"https:\/\/venusveteriner.com\/en\/wp-json\/wp\/v2\/pages\/627\/revisions\/768"}],"up":[{"embeddable":true,"href":"https:\/\/venusveteriner.com\/en\/wp-json\/wp\/v2\/pages\/215"}],"wp:attachment":[{"href":"https:\/\/venusveteriner.com\/en\/wp-json\/wp\/v2\/media?parent=627"}],"curies":[{"name":"wp","href":"https:\/\/api.w.org\/{rel}","templated":true}]}}