{"id":629,"date":"2025-08-19T11:58:59","date_gmt":"2025-08-19T11:58:59","guid":{"rendered":"https:\/\/venusveteriner.com\/?page_id=629"},"modified":"2025-08-27T09:27:54","modified_gmt":"2025-08-27T09:27:54","slug":"et-ticareti","status":"publish","type":"page","link":"https:\/\/venusveteriner.com\/en\/hayvancilik\/et-ticareti\/","title":{"rendered":"Meat Trade"},"content":{"rendered":"<div data-elementor-type=\"wp-page\" data-elementor-id=\"629\" class=\"elementor elementor-629\">\n\t\t\t\t\t\t<section class=\"elementor-section elementor-top-section elementor-element elementor-element-5aa7967 elementor-reverse-tablet elementor-reverse-mobile elementor-section-boxed elementor-section-height-default elementor-section-height-default\" data-id=\"5aa7967\" data-element_type=\"section\" data-settings=\"{&quot;background_background&quot;:&quot;classic&quot;}\">\n\t\t\t\t\t\t\t<div class=\"elementor-background-overlay\"><\/div>\n\t\t\t\t\t\t\t<div class=\"elementor-container elementor-column-gap-default\">\n\t\t\t\t\t<div class=\"elementor-column elementor-col-100 elementor-top-column elementor-element elementor-element-5a61525\" data-id=\"5a61525\" data-element_type=\"column\">\n\t\t\t<div class=\"elementor-widget-wrap elementor-element-populated\">\n\t\t\t\t\t\t<div class=\"elementor-element elementor-element-79b8eaf elementor-widget elementor-widget-heading\" data-id=\"79b8eaf\" data-element_type=\"widget\" data-widget_type=\"heading.default\">\n\t\t\t\t\t<h1 class=\"elementor-heading-title elementor-size-default\">Meat Trade<\/h1>\t\t\t\t<\/div>\n\t\t\t\t<div class=\"elementor-element elementor-element-32736c2 elementor-align-center elementor-icon-list--layout-inline elementor-mobile-align-center elementor-list-item-link-full_width elementor-widget elementor-widget-icon-list\" data-id=\"32736c2\" data-element_type=\"widget\" data-widget_type=\"icon-list.default\">\n\t\t\t\t\t\t\t<ul class=\"elementor-icon-list-items elementor-inline-items\">\n\t\t\t\t\t\t\t<li class=\"elementor-icon-list-item elementor-inline-item\">\n\t\t\t\t\t\t\t\t\t\t<span class=\"elementor-icon-list-text\">Home<\/span>\n\t\t\t\t\t\t\t\t\t<\/li>\n\t\t\t\t\t\t\t\t<li class=\"elementor-icon-list-item elementor-inline-item\">\n\t\t\t\t\t\t\t\t\t\t\t<span class=\"elementor-icon-list-icon\">\n\t\t\t\t\t\t\t<svg aria-hidden=\"true\" class=\"e-font-icon-svg e-fas-chevron-right\" viewbox=\"0 0 320 512\" xmlns=\"http:\/\/www.w3.org\/2000\/svg\"><path d=\"M285.476 272.971L91.132 467.314c-9.373 9.373-24.569 9.373-33.941 0l-22.667-22.667c-9.357-9.357-9.375-24.522-.04-33.901L188.505 256 34.484 101.255c-9.335-9.379-9.317-24.544.04-33.901l22.667-22.667c9.373-9.373 24.569-9.373 33.941 0L285.475 239.03c9.373 9.372 9.373 24.568.001 33.941z\"><\/path><\/svg>\t\t\t\t\t\t<\/span>\n\t\t\t\t\t\t\t\t\t\t<span class=\"elementor-icon-list-text\">Meat Trade<\/span>\n\t\t\t\t\t\t\t\t\t<\/li>\n\t\t\t\t\t\t<\/ul>\n\t\t\t\t\t\t<\/div>\n\t\t\t\t\t<\/div>\n\t\t<\/div>\n\t\t\t\t\t<\/div>\n\t\t<\/section>\n\t\t\t\t<section class=\"elementor-section elementor-top-section elementor-element elementor-element-4e40e56 elementor-section-content-middle elementor-section-boxed elementor-section-height-default elementor-section-height-default\" data-id=\"4e40e56\" data-element_type=\"section\">\n\t\t\t\t\t\t<div class=\"elementor-container elementor-column-gap-default\">\n\t\t\t\t\t<div class=\"elementor-column elementor-col-50 elementor-top-column elementor-element elementor-element-cb46e2f\" data-id=\"cb46e2f\" data-element_type=\"column\">\n\t\t\t<div class=\"elementor-widget-wrap elementor-element-populated\">\n\t\t\t\t\t\t<div class=\"elementor-element elementor-element-d8827cb elementor-widget elementor-widget-heading\" data-id=\"d8827cb\" data-element_type=\"widget\" data-widget_type=\"heading.default\">\n\t\t\t\t\t<h2 class=\"elementor-heading-title elementor-size-default\">Meat Trade<\/h2>\t\t\t\t<\/div>\n\t\t\t\t<div class=\"elementor-element elementor-element-e7da267 elementor-widget elementor-widget-text-editor\" data-id=\"e7da267\" data-element_type=\"widget\" data-widget_type=\"text-editor.default\">\n\t\t\t\t\t\t\t\t\t<p>Venus Livestock supplies sheep, lamb, and beef products in compliance with international quality standards. We deliver reliable, healthy, and traceable meat products to both local markets and international customers.<\/p>\t\t\t\t\t\t\t\t<\/div>\n\t\t\t\t<div class=\"elementor-element elementor-element-55cd779 elementor-widget elementor-widget-text-editor\" data-id=\"55cd779\" data-element_type=\"widget\" data-widget_type=\"text-editor.default\">\n\t\t\t\t\t\t\t\t\t<h5>Diverse product range<\/h5>\t\t\t\t\t\t\t\t<\/div>\n\t\t\t\t<div class=\"elementor-element elementor-element-36c4887 elementor-widget elementor-widget-text-editor\" data-id=\"36c4887\" data-element_type=\"widget\" data-widget_type=\"text-editor.default\">\n\t\t\t\t\t\t\t\t\t<p>Sheep, lamb, and beef are processed with strict adherence to hygiene, quality, and food safety standards and delivered in line with our clients\u2019 requirements. Our products serve a wide range of uses, from wholesale trade to special orders.<\/p>\t\t\t\t\t\t\t\t<\/div>\n\t\t\t\t<div class=\"elementor-element elementor-element-64f5d7e elementor-widget elementor-widget-text-editor\" data-id=\"64f5d7e\" data-element_type=\"widget\" data-widget_type=\"text-editor.default\">\n\t\t\t\t\t\t\t\t\t<h5>Food safety and inspection<\/h5>\t\t\t\t\t\t\t\t<\/div>\n\t\t\t\t<div class=\"elementor-element elementor-element-97bc6af elementor-widget elementor-widget-text-editor\" data-id=\"97bc6af\" data-element_type=\"widget\" data-widget_type=\"text-editor.default\">\n\t\t\t\t\t\t\t\t\t<p>All slaughter, processing, and packaging stages are conducted in compliance with international food safety and hygiene standards and are subject to regular inspections.<\/p>\t\t\t\t\t\t\t\t<\/div>\n\t\t\t\t\t<\/div>\n\t\t<\/div>\n\t\t\t\t<div class=\"elementor-column elementor-col-50 elementor-top-column elementor-element elementor-element-7620f56\" data-id=\"7620f56\" data-element_type=\"column\" data-settings=\"{&quot;background_background&quot;:&quot;classic&quot;}\">\n\t\t\t<div class=\"elementor-widget-wrap elementor-element-populated\">\n\t\t\t\t\t\t<div class=\"elementor-element elementor-element-35da13a elementor-widget elementor-widget-image\" data-id=\"35da13a\" data-element_type=\"widget\" data-widget_type=\"image.default\">\n\t\t\t\t\t\t\t\t\t\t\t\t\t\t\t<img fetchpriority=\"high\" decoding=\"async\" width=\"800\" height=\"800\" src=\"https:\/\/venusveteriner.com\/wp-content\/uploads\/2025\/08\/hunland-hus-1.webp\" class=\"attachment-large size-large wp-image-553\" alt=\"\" srcset=\"https:\/\/venusveteriner.com\/wp-content\/uploads\/2025\/08\/hunland-hus-1.webp 1000w, https:\/\/venusveteriner.com\/wp-content\/uploads\/2025\/08\/hunland-hus-1-300x300.webp 300w, https:\/\/venusveteriner.com\/wp-content\/uploads\/2025\/08\/hunland-hus-1-150x150.webp 150w, https:\/\/venusveteriner.com\/wp-content\/uploads\/2025\/08\/hunland-hus-1-768x768.webp 768w\" sizes=\"(max-width: 800px) 100vw, 800px\" \/>\t\t\t\t\t\t\t\t\t\t\t\t\t\t\t<\/div>\n\t\t\t\t\t<\/div>\n\t\t<\/div>\n\t\t\t\t\t<\/div>\n\t\t<\/section>\n\t\t\t\t<section class=\"elementor-section elementor-top-section elementor-element elementor-element-61f65f8 elementor-section-content-middle elementor-section-boxed elementor-section-height-default elementor-section-height-default\" data-id=\"61f65f8\" data-element_type=\"section\">\n\t\t\t\t\t\t<div class=\"elementor-container elementor-column-gap-default\">\n\t\t\t\t\t<div class=\"elementor-column elementor-col-50 elementor-top-column elementor-element elementor-element-9e48f04\" data-id=\"9e48f04\" data-element_type=\"column\">\n\t\t\t<div class=\"elementor-widget-wrap elementor-element-populated\">\n\t\t\t\t\t\t<div class=\"elementor-element elementor-element-0cdc991 elementor-widget elementor-widget-text-editor\" data-id=\"0cdc991\" data-element_type=\"widget\" data-widget_type=\"text-editor.default\">\n\t\t\t\t\t\t\t\t\t<h5>Logistics and export<\/h5>\t\t\t\t\t\t\t\t<\/div>\n\t\t\t\t<div class=\"elementor-element elementor-element-1386b19 elementor-widget elementor-widget-text-editor\" data-id=\"1386b19\" data-element_type=\"widget\" data-widget_type=\"text-editor.default\">\n\t\t\t\t\t\t\t\t\t<p>Meat products are transported through cold chain logistics to maintain freshness and delivered to customers. <strong>Additionally, we export fresh meat by air cargo to ensure the fastest and safest delivery to target markets.<\/strong> All export processes to Europe, the Middle East, and other global markets are conducted in accordance with legal regulations.<\/p>\t\t\t\t\t\t\t\t<\/div>\n\t\t\t\t<div class=\"elementor-element elementor-element-3ec4eef elementor-widget elementor-widget-text-editor\" data-id=\"3ec4eef\" data-element_type=\"widget\" data-widget_type=\"text-editor.default\">\n\t\t\t\t\t\t\t\t\t<h5>Customer-focused service<\/h5>\t\t\t\t\t\t\t\t<\/div>\n\t\t\t\t<div class=\"elementor-element elementor-element-6dca40f elementor-widget elementor-widget-text-editor\" data-id=\"6dca40f\" data-element_type=\"widget\" data-widget_type=\"text-editor.default\">\n\t\t\t\t\t\t\t\t\t<p>In meat trade, Venus Livestock is not just a product supplier but a long-term business partner committed to building sustainable collaborations.<\/p>\t\t\t\t\t\t\t\t<\/div>\n\t\t\t\t\t<\/div>\n\t\t<\/div>\n\t\t\t\t<div class=\"elementor-column elementor-col-50 elementor-top-column elementor-element elementor-element-de96ab8\" data-id=\"de96ab8\" data-element_type=\"column\" data-settings=\"{&quot;background_background&quot;:&quot;classic&quot;}\">\n\t\t\t<div class=\"elementor-widget-wrap elementor-element-populated\">\n\t\t\t\t\t\t<div class=\"elementor-element elementor-element-41dfca2 elementor-widget elementor-widget-image\" data-id=\"41dfca2\" data-element_type=\"widget\" data-widget_type=\"image.default\">\n\t\t\t\t\t\t\t\t\t\t\t\t\t\t\t<img decoding=\"async\" width=\"720\" height=\"720\" src=\"https:\/\/venusveteriner.com\/wp-content\/uploads\/2025\/08\/marhahus-gallery-3.jpg\" class=\"attachment-large size-large wp-image-554\" alt=\"\" srcset=\"https:\/\/venusveteriner.com\/wp-content\/uploads\/2025\/08\/marhahus-gallery-3.jpg 720w, https:\/\/venusveteriner.com\/wp-content\/uploads\/2025\/08\/marhahus-gallery-3-300x300.jpg 300w, https:\/\/venusveteriner.com\/wp-content\/uploads\/2025\/08\/marhahus-gallery-3-150x150.jpg 150w\" sizes=\"(max-width: 720px) 100vw, 720px\" \/>\t\t\t\t\t\t\t\t\t\t\t\t\t\t\t<\/div>\n\t\t\t\t\t<\/div>\n\t\t<\/div>\n\t\t\t\t\t<\/div>\n\t\t<\/section>\n\t\t\t\t<\/div>","protected":false},"excerpt":{"rendered":"<p>Et Ticareti Anasayfa Et Ticareti Et Ticareti Ven\u00fcs Hayvanc\u0131l\u0131k, koyun, kuzu ve dana etlerinin ticaretinde uluslararas\u0131 kalite standartlar\u0131na uygun hizmet sunmaktad\u0131r. Hem yerel pazarlara hem de uluslararas\u0131 m\u00fc\u015fterilere g\u00fcvenilir, sa\u011fl\u0131kl\u0131 ve izlenebilir et \u00fcr\u00fcnleri tedarik edilmektedir. \u00c7e\u015fitli \u00fcr\u00fcn yelpazesi Koyun, kuzu ve dana etleri; hijyen, kalite ve g\u0131da g\u00fcvenli\u011fi kriterleri g\u00f6zetilerek i\u015flenmekte ve m\u00fc\u015fterilerimizin talep [&hellip;]<\/p>","protected":false},"author":1,"featured_media":0,"parent":215,"menu_order":0,"comment_status":"closed","ping_status":"closed","template":"elementor_header_footer","meta":{"footnotes":""},"class_list":["post-629","page","type-page","status-publish","hentry"],"_links":{"self":[{"href":"https:\/\/venusveteriner.com\/en\/wp-json\/wp\/v2\/pages\/629","targetHints":{"allow":["GET"]}}],"collection":[{"href":"https:\/\/venusveteriner.com\/en\/wp-json\/wp\/v2\/pages"}],"about":[{"href":"https:\/\/venusveteriner.com\/en\/wp-json\/wp\/v2\/types\/page"}],"author":[{"embeddable":true,"href":"https:\/\/venusveteriner.com\/en\/wp-json\/wp\/v2\/users\/1"}],"replies":[{"embeddable":true,"href":"https:\/\/venusveteriner.com\/en\/wp-json\/wp\/v2\/comments?post=629"}],"version-history":[{"count":10,"href":"https:\/\/venusveteriner.com\/en\/wp-json\/wp\/v2\/pages\/629\/revisions"}],"predecessor-version":[{"id":798,"href":"https:\/\/venusveteriner.com\/en\/wp-json\/wp\/v2\/pages\/629\/revisions\/798"}],"up":[{"embeddable":true,"href":"https:\/\/venusveteriner.com\/en\/wp-json\/wp\/v2\/pages\/215"}],"wp:attachment":[{"href":"https:\/\/venusveteriner.com\/en\/wp-json\/wp\/v2\/media?parent=629"}],"curies":[{"name":"wp","href":"https:\/\/api.w.org\/{rel}","templated":true}]}}